{"id":2367,"date":"2025-01-21T17:23:53","date_gmt":"2025-01-21T17:23:53","guid":{"rendered":"https:\/\/alegriaclinic.com\/atencion-virtual-alegria\/"},"modified":"2025-02-04T21:50:27","modified_gmt":"2025-02-04T21:50:27","slug":"atencion-virtual-alegria","status":"publish","type":"page","link":"https:\/\/alegriaclinic.com\/es\/atencion-virtual-alegria\/","title":{"rendered":"Atenci\u00f3n Virtual Alegr\u00eda"},"content":{"rendered":"\t\t<div data-elementor-type=\"wp-page\" data-elementor-id=\"2367\" class=\"elementor elementor-2367 elementor-2188\" data-elementor-post-type=\"page\">\n\t\t\t\t<div class=\"elementor-element elementor-element-ee244a7 e-flex e-con-boxed e-con e-parent\" data-id=\"ee244a7\" data-element_type=\"container\" data-e-type=\"container\" data-settings=\"{&quot;background_background&quot;:&quot;classic&quot;}\">\n\t\t\t\t\t<div class=\"e-con-inner\">\n\t\t<div class=\"elementor-element elementor-element-92a4070 e-con-full e-flex e-con e-child\" data-id=\"92a4070\" data-element_type=\"container\" data-e-type=\"container\">\n\t\t\t\t<div class=\"elementor-element elementor-element-2f4d6cd elementor-invisible elementor-widget elementor-widget-heading\" data-id=\"2f4d6cd\" data-element_type=\"widget\" data-e-type=\"widget\" data-settings=\"{&quot;_animation&quot;:&quot;fadeIn&quot;,&quot;_animation_delay&quot;:0}\" data-widget_type=\"heading.default\">\n\t\t\t\t<div class=\"elementor-widget-container\">\n\t\t\t\t\t<h1 class=\"elementor-heading-title elementor-size-default\">Atenci\u00f3n Virtual Alegr\u00eda<\/h1>\t\t\t\t<\/div>\n\t\t\t\t<\/div>\n\t\t<div class=\"elementor-element elementor-element-6c557e6 e-con-full e-flex e-con e-child\" data-id=\"6c557e6\" data-element_type=\"container\" data-e-type=\"container\">\n\t\t<div class=\"elementor-element elementor-element-5b8dc57 e-con-full e-flex e-con e-child\" data-id=\"5b8dc57\" data-element_type=\"container\" data-e-type=\"container\">\n\t\t<div class=\"elementor-element elementor-element-116b130 e-con-full e-flex e-con e-child\" data-id=\"116b130\" data-element_type=\"container\" data-e-type=\"container\" data-settings=\"{&quot;background_background&quot;:&quot;classic&quot;}\">\n\t\t\t\t<div class=\"elementor-element elementor-element-0f6dd7b elementor-widget elementor-widget-html\" data-id=\"0f6dd7b\" data-element_type=\"widget\" data-e-type=\"widget\" data-widget_type=\"html.default\">\n\t\t\t\t<div class=\"elementor-widget-container\">\n\t\t\t\t\t<script src=\"https:\/\/doxy.me\/badges\/loader-v2.js\"><\/script>\n<div class=\"doxyme-badge2 doxyme-badge2--horizontal\">\n<div class=\"doxyme-badge2-picture\">\n<img decoding=\"async\" class=\"doxyme-badge2-picture-img\" src=\"https:\/\/doxy.me\/assets\/icons\/legacy\/illustration.svg\" alt=\"\">\n<\/div>\n<div class=\"doxyme-badge2-content\" data-institution-id=\"12628\" data-api-url=\"https:\/\/api.doxy.me\">\n<div>Entra en la sala de espera virtual para<\/div>\n<div class=\"doxyme-badge2-name\">Dr. Panicker<\/div>\n<a class=\"doxyme-badge2-room-link\" href=\"https:\/\/alegriaclinic.doxy.me\/drpanickerdnp\" target=\"_blank\">Entra en la sala de espera<\/a>\n<div class=\"doxyme-badge2-footer\">\n  Telemedicina por\n<\/div>\n<\/div>\n<\/div>\t\t\t\t<\/div>\n\t\t\t\t<\/div>\n\t\t\t\t<\/div>\n\t\t\t\t<\/div>\n\t\t\t\t<\/div>\n\t\t\t\t<\/div>\n\t\t\t\t\t<\/div>\n\t\t\t\t<\/div>\n\t\t\t\t<\/div>\n\t\t","protected":false},"excerpt":{"rendered":"<p>Atenci\u00f3n Virtual Alegr\u00eda Entra en la sala de espera virtual para Dr. Panicker Entra en la sala de espera Telemedicina por<\/p>\n","protected":false},"author":2,"featured_media":0,"parent":0,"menu_order":0,"comment_status":"closed","ping_status":"closed","template":"","meta":{"footnotes":""},"class_list":["post-2367","page","type-page","status-publish","hentry"],"yoast_head":"<!-- This site is optimized with the Yoast SEO plugin v27.4 - https:\/\/yoast.com\/product\/yoast-seo-wordpress\/ -->\n<title>Atenci\u00f3n Virtual Alegr\u00eda - Alegria Clinic<\/title>\n<meta name=\"robots\" content=\"index, follow, max-snippet:-1, max-image-preview:large, max-video-preview:-1\" \/>\n<link rel=\"canonical\" href=\"https:\/\/alegriaclinic.com\/es\/atencion-virtual-alegria\/\" \/>\n<meta property=\"og:locale\" content=\"es_ES\" \/>\n<meta property=\"og:type\" content=\"article\" \/>\n<meta property=\"og:title\" content=\"Atenci\u00f3n Virtual Alegr\u00eda - Alegria Clinic\" \/>\n<meta property=\"og:description\" content=\"Atenci\u00f3n Virtual Alegr\u00eda Entra en la sala de espera virtual para Dr. Panicker Entra en la sala de espera Telemedicina por\" \/>\n<meta property=\"og:url\" content=\"https:\/\/alegriaclinic.com\/es\/atencion-virtual-alegria\/\" \/>\n<meta property=\"og:site_name\" content=\"Alegria Clinic\" \/>\n<meta property=\"article:modified_time\" content=\"2025-02-04T21:50:27+00:00\" \/>\n<meta property=\"og:image\" content=\"https:\/\/doxy.me\/assets\/icons\/legacy\/illustration.svg\" \/>\n<meta name=\"twitter:card\" content=\"summary_large_image\" \/>\n<script type=\"application\/ld+json\" class=\"yoast-schema-graph\">{\"@context\":\"https:\\\/\\\/schema.org\",\"@graph\":[{\"@type\":\"WebPage\",\"@id\":\"https:\\\/\\\/alegriaclinic.com\\\/es\\\/atencion-virtual-alegria\\\/\",\"url\":\"https:\\\/\\\/alegriaclinic.com\\\/es\\\/atencion-virtual-alegria\\\/\",\"name\":\"Atenci\u00f3n Virtual Alegr\u00eda - Alegria Clinic\",\"isPartOf\":{\"@id\":\"https:\\\/\\\/alegriaclinic.com\\\/es\\\/#website\"},\"primaryImageOfPage\":{\"@id\":\"https:\\\/\\\/alegriaclinic.com\\\/es\\\/atencion-virtual-alegria\\\/#primaryimage\"},\"image\":{\"@id\":\"https:\\\/\\\/alegriaclinic.com\\\/es\\\/atencion-virtual-alegria\\\/#primaryimage\"},\"thumbnailUrl\":\"https:\\\/\\\/doxy.me\\\/assets\\\/icons\\\/legacy\\\/illustration.svg\",\"datePublished\":\"2025-01-21T17:23:53+00:00\",\"dateModified\":\"2025-02-04T21:50:27+00:00\",\"breadcrumb\":{\"@id\":\"https:\\\/\\\/alegriaclinic.com\\\/es\\\/atencion-virtual-alegria\\\/#breadcrumb\"},\"inLanguage\":\"es\",\"potentialAction\":[{\"@type\":\"ReadAction\",\"target\":[\"https:\\\/\\\/alegriaclinic.com\\\/es\\\/atencion-virtual-alegria\\\/\"]}]},{\"@type\":\"ImageObject\",\"inLanguage\":\"es\",\"@id\":\"https:\\\/\\\/alegriaclinic.com\\\/es\\\/atencion-virtual-alegria\\\/#primaryimage\",\"url\":\"https:\\\/\\\/doxy.me\\\/assets\\\/icons\\\/legacy\\\/illustration.svg\",\"contentUrl\":\"https:\\\/\\\/doxy.me\\\/assets\\\/icons\\\/legacy\\\/illustration.svg\"},{\"@type\":\"BreadcrumbList\",\"@id\":\"https:\\\/\\\/alegriaclinic.com\\\/es\\\/atencion-virtual-alegria\\\/#breadcrumb\",\"itemListElement\":[{\"@type\":\"ListItem\",\"position\":1,\"name\":\"Home\",\"item\":\"https:\\\/\\\/alegriaclinic.com\\\/es\\\/\"},{\"@type\":\"ListItem\",\"position\":2,\"name\":\"Atenci\u00f3n Virtual Alegr\u00eda\"}]},{\"@type\":\"WebSite\",\"@id\":\"https:\\\/\\\/alegriaclinic.com\\\/es\\\/#website\",\"url\":\"https:\\\/\\\/alegriaclinic.com\\\/es\\\/\",\"name\":\"Alegria Clinic\",\"description\":\"\",\"publisher\":{\"@id\":\"https:\\\/\\\/alegriaclinic.com\\\/es\\\/#organization\"},\"potentialAction\":[{\"@type\":\"SearchAction\",\"target\":{\"@type\":\"EntryPoint\",\"urlTemplate\":\"https:\\\/\\\/alegriaclinic.com\\\/es\\\/?s={search_term_string}\"},\"query-input\":{\"@type\":\"PropertyValueSpecification\",\"valueRequired\":true,\"valueName\":\"search_term_string\"}}],\"inLanguage\":\"es\"},{\"@type\":\"Organization\",\"@id\":\"https:\\\/\\\/alegriaclinic.com\\\/es\\\/#organization\",\"name\":\"Alegria Clinic\",\"url\":\"https:\\\/\\\/alegriaclinic.com\\\/es\\\/\",\"logo\":{\"@type\":\"ImageObject\",\"inLanguage\":\"es\",\"@id\":\"https:\\\/\\\/alegriaclinic.com\\\/es\\\/#\\\/schema\\\/logo\\\/image\\\/\",\"url\":\"https:\\\/\\\/alegriaclinic.com\\\/wp-content\\\/uploads\\\/2025\\\/01\\\/logo.png\",\"contentUrl\":\"https:\\\/\\\/alegriaclinic.com\\\/wp-content\\\/uploads\\\/2025\\\/01\\\/logo.png\",\"width\":100,\"height\":105,\"caption\":\"Alegria Clinic\"},\"image\":{\"@id\":\"https:\\\/\\\/alegriaclinic.com\\\/es\\\/#\\\/schema\\\/logo\\\/image\\\/\"}}]}<\/script>\n<!-- \/ Yoast SEO plugin. -->","yoast_head_json":{"title":"Atenci\u00f3n Virtual Alegr\u00eda - Alegria Clinic","robots":{"index":"index","follow":"follow","max-snippet":"max-snippet:-1","max-image-preview":"max-image-preview:large","max-video-preview":"max-video-preview:-1"},"canonical":"https:\/\/alegriaclinic.com\/es\/atencion-virtual-alegria\/","og_locale":"es_ES","og_type":"article","og_title":"Atenci\u00f3n Virtual Alegr\u00eda - Alegria Clinic","og_description":"Atenci\u00f3n Virtual Alegr\u00eda Entra en la sala de espera virtual para Dr. Panicker Entra en la sala de espera Telemedicina por","og_url":"https:\/\/alegriaclinic.com\/es\/atencion-virtual-alegria\/","og_site_name":"Alegria Clinic","article_modified_time":"2025-02-04T21:50:27+00:00","og_image":[{"url":"https:\/\/doxy.me\/assets\/icons\/legacy\/illustration.svg","type":"","width":"","height":""}],"twitter_card":"summary_large_image","schema":{"@context":"https:\/\/schema.org","@graph":[{"@type":"WebPage","@id":"https:\/\/alegriaclinic.com\/es\/atencion-virtual-alegria\/","url":"https:\/\/alegriaclinic.com\/es\/atencion-virtual-alegria\/","name":"Atenci\u00f3n Virtual Alegr\u00eda - Alegria Clinic","isPartOf":{"@id":"https:\/\/alegriaclinic.com\/es\/#website"},"primaryImageOfPage":{"@id":"https:\/\/alegriaclinic.com\/es\/atencion-virtual-alegria\/#primaryimage"},"image":{"@id":"https:\/\/alegriaclinic.com\/es\/atencion-virtual-alegria\/#primaryimage"},"thumbnailUrl":"https:\/\/doxy.me\/assets\/icons\/legacy\/illustration.svg","datePublished":"2025-01-21T17:23:53+00:00","dateModified":"2025-02-04T21:50:27+00:00","breadcrumb":{"@id":"https:\/\/alegriaclinic.com\/es\/atencion-virtual-alegria\/#breadcrumb"},"inLanguage":"es","potentialAction":[{"@type":"ReadAction","target":["https:\/\/alegriaclinic.com\/es\/atencion-virtual-alegria\/"]}]},{"@type":"ImageObject","inLanguage":"es","@id":"https:\/\/alegriaclinic.com\/es\/atencion-virtual-alegria\/#primaryimage","url":"https:\/\/doxy.me\/assets\/icons\/legacy\/illustration.svg","contentUrl":"https:\/\/doxy.me\/assets\/icons\/legacy\/illustration.svg"},{"@type":"BreadcrumbList","@id":"https:\/\/alegriaclinic.com\/es\/atencion-virtual-alegria\/#breadcrumb","itemListElement":[{"@type":"ListItem","position":1,"name":"Home","item":"https:\/\/alegriaclinic.com\/es\/"},{"@type":"ListItem","position":2,"name":"Atenci\u00f3n Virtual Alegr\u00eda"}]},{"@type":"WebSite","@id":"https:\/\/alegriaclinic.com\/es\/#website","url":"https:\/\/alegriaclinic.com\/es\/","name":"Alegria Clinic","description":"","publisher":{"@id":"https:\/\/alegriaclinic.com\/es\/#organization"},"potentialAction":[{"@type":"SearchAction","target":{"@type":"EntryPoint","urlTemplate":"https:\/\/alegriaclinic.com\/es\/?s={search_term_string}"},"query-input":{"@type":"PropertyValueSpecification","valueRequired":true,"valueName":"search_term_string"}}],"inLanguage":"es"},{"@type":"Organization","@id":"https:\/\/alegriaclinic.com\/es\/#organization","name":"Alegria Clinic","url":"https:\/\/alegriaclinic.com\/es\/","logo":{"@type":"ImageObject","inLanguage":"es","@id":"https:\/\/alegriaclinic.com\/es\/#\/schema\/logo\/image\/","url":"https:\/\/alegriaclinic.com\/wp-content\/uploads\/2025\/01\/logo.png","contentUrl":"https:\/\/alegriaclinic.com\/wp-content\/uploads\/2025\/01\/logo.png","width":100,"height":105,"caption":"Alegria Clinic"},"image":{"@id":"https:\/\/alegriaclinic.com\/es\/#\/schema\/logo\/image\/"}}]}},"_links":{"self":[{"href":"https:\/\/alegriaclinic.com\/es\/wp-json\/wp\/v2\/pages\/2367","targetHints":{"allow":["GET"]}}],"collection":[{"href":"https:\/\/alegriaclinic.com\/es\/wp-json\/wp\/v2\/pages"}],"about":[{"href":"https:\/\/alegriaclinic.com\/es\/wp-json\/wp\/v2\/types\/page"}],"author":[{"embeddable":true,"href":"https:\/\/alegriaclinic.com\/es\/wp-json\/wp\/v2\/users\/2"}],"replies":[{"embeddable":true,"href":"https:\/\/alegriaclinic.com\/es\/wp-json\/wp\/v2\/comments?post=2367"}],"version-history":[{"count":1,"href":"https:\/\/alegriaclinic.com\/es\/wp-json\/wp\/v2\/pages\/2367\/revisions"}],"predecessor-version":[{"id":2369,"href":"https:\/\/alegriaclinic.com\/es\/wp-json\/wp\/v2\/pages\/2367\/revisions\/2369"}],"wp:attachment":[{"href":"https:\/\/alegriaclinic.com\/es\/wp-json\/wp\/v2\/media?parent=2367"}],"curies":[{"name":"wp","href":"https:\/\/api.w.org\/{rel}","templated":true}]}}