{"id":2332,"date":"2025-01-16T04:08:51","date_gmt":"2025-01-16T04:08:51","guid":{"rendered":"https:\/\/alegriaclinic.com\/clinica-familiar-alegria-contacto\/"},"modified":"2025-02-04T21:50:12","modified_gmt":"2025-02-04T21:50:12","slug":"clinica-familiar-alegria-contacto","status":"publish","type":"page","link":"https:\/\/alegriaclinic.com\/es\/clinica-familiar-alegria\/clinica-familiar-alegria-contacto\/","title":{"rendered":"Cl\u00ednica Familiar Alegr\u00eda &#8211; Contacto"},"content":{"rendered":"\t\t<div data-elementor-type=\"wp-page\" data-elementor-id=\"2332\" class=\"elementor elementor-2332 elementor-501\" data-elementor-post-type=\"page\">\n\t\t\t\t<div class=\"elementor-element elementor-element-ee244a7 e-flex e-con-boxed e-con e-parent\" data-id=\"ee244a7\" data-element_type=\"container\" data-e-type=\"container\" data-settings=\"{&quot;background_background&quot;:&quot;classic&quot;}\">\n\t\t\t\t\t<div class=\"e-con-inner\">\n\t\t<div class=\"elementor-element elementor-element-92a4070 e-con-full e-flex e-con e-child\" data-id=\"92a4070\" data-element_type=\"container\" data-e-type=\"container\">\n\t\t\t\t<div class=\"elementor-element elementor-element-2f4d6cd elementor-invisible elementor-widget elementor-widget-heading\" data-id=\"2f4d6cd\" data-element_type=\"widget\" data-e-type=\"widget\" data-settings=\"{&quot;_animation&quot;:&quot;fadeIn&quot;,&quot;_animation_delay&quot;:0}\" data-widget_type=\"heading.default\">\n\t\t\t\t<div class=\"elementor-widget-container\">\n\t\t\t\t\t<h1 class=\"elementor-heading-title elementor-size-default\">Contacta con nosotros<\/h1>\t\t\t\t<\/div>\n\t\t\t\t<\/div>\n\t\t\t\t<div class=\"elementor-element elementor-element-8ff0f20 elementor-invisible elementor-widget elementor-widget-heading\" data-id=\"8ff0f20\" data-element_type=\"widget\" data-e-type=\"widget\" data-settings=\"{&quot;_animation&quot;:&quot;fadeIn&quot;,&quot;_animation_delay&quot;:100}\" data-widget_type=\"heading.default\">\n\t\t\t\t<div class=\"elementor-widget-container\">\n\t\t\t\t\t<p class=\"elementor-heading-title elementor-size-default\">Ponte en contacto con la Cl\u00ednica Familiar Alegr\u00eda - \u00a1Estamos aqu\u00ed para ayudarte!<\/p>\t\t\t\t<\/div>\n\t\t\t\t<\/div>\n\t\t\t\t<\/div>\n\t\t\t\t\t<\/div>\n\t\t\t\t<\/div>\n\t\t<div class=\"elementor-element elementor-element-2b39a33 e-flex e-con-boxed e-con e-parent\" data-id=\"2b39a33\" data-element_type=\"container\" data-e-type=\"container\" data-settings=\"{&quot;background_background&quot;:&quot;classic&quot;}\">\n\t\t\t\t\t<div class=\"e-con-inner\">\n\t\t<div class=\"elementor-element elementor-element-3db80d1 e-con-full e-flex e-con e-child\" data-id=\"3db80d1\" data-element_type=\"container\" data-e-type=\"container\" data-settings=\"{&quot;background_background&quot;:&quot;classic&quot;}\">\n\t\t<div class=\"elementor-element elementor-element-4409f7a e-con-full e-flex e-con e-child\" data-id=\"4409f7a\" data-element_type=\"container\" data-e-type=\"container\">\n\t\t\t\t<div class=\"elementor-element elementor-element-83624d7 elementor-align-center elementor-widget elementor-widget-breadcrumbs\" data-id=\"83624d7\" data-element_type=\"widget\" data-e-type=\"widget\" data-widget_type=\"breadcrumbs.default\">\n\t\t\t\t<div class=\"elementor-widget-container\">\n\t\t\t\t\t<p id=\"breadcrumbs\"><span><span><a href=\"https:\/\/alegriaclinic.com\/es\/\">Home<\/a><\/span><\/span><\/p>\t\t\t\t<\/div>\n\t\t\t\t<\/div>\n\t\t\t\t<\/div>\n\t\t<div class=\"elementor-element elementor-element-2ea4b38 e-con-full e-flex e-con e-child\" data-id=\"2ea4b38\" data-element_type=\"container\" data-e-type=\"container\">\n\t\t<div class=\"elementor-element elementor-element-fac479b e-con-full e-flex e-con e-child\" data-id=\"fac479b\" data-element_type=\"container\" data-e-type=\"container\">\n\t\t\t\t<div class=\"elementor-element elementor-element-0911740 elementor-invisible elementor-widget elementor-widget-image\" data-id=\"0911740\" data-element_type=\"widget\" data-e-type=\"widget\" data-settings=\"{&quot;_animation&quot;:&quot;fadeIn&quot;,&quot;_animation_delay&quot;:0}\" data-widget_type=\"image.default\">\n\t\t\t\t<div class=\"elementor-widget-container\">\n\t\t\t\t\t\t\t\t\t\t\t\t\t\t\t<img decoding=\"async\" width=\"146\" height=\"146\" src=\"https:\/\/alegriaclinic.com\/wp-content\/uploads\/2025\/01\/icon-location.png\" class=\"attachment-large size-large wp-image-2251\" alt=\"\" \/>\t\t\t\t\t\t\t\t\t\t\t\t\t\t\t<\/div>\n\t\t\t\t<\/div>\n\t\t\t\t<div class=\"elementor-element elementor-element-ba30d42 elementor-invisible elementor-widget elementor-widget-heading\" data-id=\"ba30d42\" data-element_type=\"widget\" data-e-type=\"widget\" data-settings=\"{&quot;_animation&quot;:&quot;fadeIn&quot;,&quot;_animation_delay&quot;:100}\" data-widget_type=\"heading.default\">\n\t\t\t\t<div class=\"elementor-widget-container\">\n\t\t\t\t\t<h3 class=\"elementor-heading-title elementor-size-default\">Direcci\u00f3n<\/h3>\t\t\t\t<\/div>\n\t\t\t\t<\/div>\n\t\t\t\t<div class=\"elementor-element elementor-element-d6e4cef elementor-invisible elementor-widget elementor-widget-heading\" data-id=\"d6e4cef\" data-element_type=\"widget\" data-e-type=\"widget\" data-settings=\"{&quot;_animation&quot;:&quot;fadeIn&quot;,&quot;_animation_delay&quot;:200}\" data-widget_type=\"heading.default\">\n\t\t\t\t<div class=\"elementor-widget-container\">\n\t\t\t\t\t<p class=\"elementor-heading-title elementor-size-default\">11203 Lake June Rd, #100\n<br>Balch Springs\n<br>Texas 75180<\/p>\t\t\t\t<\/div>\n\t\t\t\t<\/div>\n\t\t\t\t<\/div>\n\t\t<div class=\"elementor-element elementor-element-96b2370 e-con-full e-flex e-con e-child\" data-id=\"96b2370\" data-element_type=\"container\" data-e-type=\"container\">\n\t\t\t\t<div class=\"elementor-element elementor-element-4687180 elementor-invisible elementor-widget elementor-widget-image\" data-id=\"4687180\" data-element_type=\"widget\" data-e-type=\"widget\" data-settings=\"{&quot;_animation&quot;:&quot;fadeIn&quot;,&quot;_animation_delay&quot;:0}\" data-widget_type=\"image.default\">\n\t\t\t\t<div class=\"elementor-widget-container\">\n\t\t\t\t\t\t\t\t\t\t\t\t\t\t\t<img decoding=\"async\" width=\"146\" height=\"146\" src=\"https:\/\/alegriaclinic.com\/wp-content\/uploads\/2025\/01\/icon-phone.png\" class=\"attachment-large size-large wp-image-2252\" alt=\"\" \/>\t\t\t\t\t\t\t\t\t\t\t\t\t\t\t<\/div>\n\t\t\t\t<\/div>\n\t\t\t\t<div class=\"elementor-element elementor-element-e838007 elementor-invisible elementor-widget elementor-widget-heading\" data-id=\"e838007\" data-element_type=\"widget\" data-e-type=\"widget\" data-settings=\"{&quot;_animation&quot;:&quot;fadeIn&quot;,&quot;_animation_delay&quot;:100}\" data-widget_type=\"heading.default\">\n\t\t\t\t<div class=\"elementor-widget-container\">\n\t\t\t\t\t<h3 class=\"elementor-heading-title elementor-size-default\">Tel\u00e9fono<\/h3>\t\t\t\t<\/div>\n\t\t\t\t<\/div>\n\t\t\t\t<div class=\"elementor-element elementor-element-4c4b39c elementor-invisible elementor-widget elementor-widget-heading\" data-id=\"4c4b39c\" data-element_type=\"widget\" data-e-type=\"widget\" data-settings=\"{&quot;_animation&quot;:&quot;fadeIn&quot;,&quot;_animation_delay&quot;:200}\" data-widget_type=\"heading.default\">\n\t\t\t\t<div class=\"elementor-widget-container\">\n\t\t\t\t\t<p class=\"elementor-heading-title elementor-size-default\"><a href=\"tel:4697765250\">(469) 776-5250<\/a><\/p>\t\t\t\t<\/div>\n\t\t\t\t<\/div>\n\t\t\t\t<\/div>\n\t\t<div class=\"elementor-element elementor-element-c37e348 e-con-full e-flex e-con e-child\" data-id=\"c37e348\" data-element_type=\"container\" data-e-type=\"container\">\n\t\t\t\t<div class=\"elementor-element elementor-element-227b645 elementor-invisible elementor-widget elementor-widget-image\" data-id=\"227b645\" data-element_type=\"widget\" data-e-type=\"widget\" data-settings=\"{&quot;_animation&quot;:&quot;fadeIn&quot;,&quot;_animation_delay&quot;:0}\" data-widget_type=\"image.default\">\n\t\t\t\t<div class=\"elementor-widget-container\">\n\t\t\t\t\t\t\t\t\t\t\t\t\t\t\t<img decoding=\"async\" width=\"146\" height=\"146\" src=\"https:\/\/alegriaclinic.com\/wp-content\/uploads\/2025\/01\/icon-hours.png\" class=\"attachment-large size-large wp-image-2253\" alt=\"\" \/>\t\t\t\t\t\t\t\t\t\t\t\t\t\t\t<\/div>\n\t\t\t\t<\/div>\n\t\t\t\t<div class=\"elementor-element elementor-element-43da034 elementor-invisible elementor-widget elementor-widget-heading\" data-id=\"43da034\" data-element_type=\"widget\" data-e-type=\"widget\" data-settings=\"{&quot;_animation&quot;:&quot;fadeIn&quot;,&quot;_animation_delay&quot;:100}\" data-widget_type=\"heading.default\">\n\t\t\t\t<div class=\"elementor-widget-container\">\n\t\t\t\t\t<h3 class=\"elementor-heading-title elementor-size-default\">Horas<\/h3>\t\t\t\t<\/div>\n\t\t\t\t<\/div>\n\t\t\t\t<div class=\"elementor-element elementor-element-0f76ced elementor-invisible elementor-widget elementor-widget-heading\" data-id=\"0f76ced\" data-element_type=\"widget\" data-e-type=\"widget\" data-settings=\"{&quot;_animation&quot;:&quot;fadeIn&quot;,&quot;_animation_delay&quot;:200}\" data-widget_type=\"heading.default\">\n\t\t\t\t<div class=\"elementor-widget-container\">\n\t\t\t\t\t<p class=\"elementor-heading-title elementor-size-default\">Lunes: 8 a.m. - 4:30 p.m.<br>Martes: 8 a.m. - 4:30 p.m.<br>Mi\u00e9rcoles: 8 a.m. - 4:30 p.m.<br>Jueves: 8 a.m. - 4:30 p.m.<br>Viernes: 8 a.m. - 4:30 p.m.<br>S\u00e1bado: 8 h - 11:30 h<br>Domingo: Cerrado<\/p>\t\t\t\t<\/div>\n\t\t\t\t<\/div>\n\t\t\t\t<\/div>\n\t\t\t\t<\/div>\n\t\t\t\t<\/div>\n\t\t\t\t\t<\/div>\n\t\t\t\t<\/div>\n\t\t\t\t<\/div>\n\t\t","protected":false},"excerpt":{"rendered":"<p>Contacta con nosotros Ponte en contacto con la Cl\u00ednica Familiar Alegr\u00eda &#8211; \u00a1Estamos aqu\u00ed para ayudarte! Direcci\u00f3n 11203 Lake June Rd, #100 Balch Springs Texas 75180 Tel\u00e9fono (469) 776-5250 Horas Lunes: 8 a.m. &#8211; 4:30 p.m.Martes: 8 a.m. &#8211; 4:30 p.m.Mi\u00e9rcoles: 8 a.m. &#8211; 4:30 p.m.Jueves: 8 a.m. &#8211; 4:30 p.m.Viernes: 8 a.m. &#8211; 4:30 [&hellip;]<\/p>\n","protected":false},"author":2,"featured_media":0,"parent":2336,"menu_order":0,"comment_status":"closed","ping_status":"closed","template":"","meta":{"footnotes":""},"class_list":["post-2332","page","type-page","status-publish","hentry"],"yoast_head":"<!-- This site is optimized with the Yoast SEO plugin v27.4 - https:\/\/yoast.com\/product\/yoast-seo-wordpress\/ -->\n<title>Cl\u00ednica Familiar Alegr\u00eda - Contacto - Alegria Clinic<\/title>\n<meta name=\"robots\" content=\"index, follow, max-snippet:-1, max-image-preview:large, max-video-preview:-1\" \/>\n<link rel=\"canonical\" href=\"https:\/\/alegriaclinic.com\/es\/clinica-familiar-alegria\/clinica-familiar-alegria-contacto\/\" \/>\n<meta property=\"og:locale\" content=\"es_ES\" \/>\n<meta property=\"og:type\" content=\"article\" \/>\n<meta property=\"og:title\" content=\"Cl\u00ednica Familiar Alegr\u00eda - Contacto - Alegria Clinic\" \/>\n<meta property=\"og:description\" content=\"Contacta con nosotros Ponte en contacto con la Cl\u00ednica Familiar Alegr\u00eda &#8211; \u00a1Estamos aqu\u00ed para ayudarte! Direcci\u00f3n 11203 Lake June Rd, #100 Balch Springs Texas 75180 Tel\u00e9fono (469) 776-5250 Horas Lunes: 8 a.m. &#8211; 4:30 p.m.Martes: 8 a.m. &#8211; 4:30 p.m.Mi\u00e9rcoles: 8 a.m. &#8211; 4:30 p.m.Jueves: 8 a.m. &#8211; 4:30 p.m.Viernes: 8 a.m. &#8211; 4:30 [&hellip;]\" \/>\n<meta property=\"og:url\" content=\"https:\/\/alegriaclinic.com\/es\/clinica-familiar-alegria\/clinica-familiar-alegria-contacto\/\" \/>\n<meta property=\"og:site_name\" content=\"Alegria Clinic\" \/>\n<meta property=\"article:modified_time\" content=\"2025-02-04T21:50:12+00:00\" \/>\n<meta property=\"og:image\" content=\"https:\/\/alegriaclinic.com\/wp-content\/uploads\/2025\/01\/icon-location.png\" \/>\n\t<meta property=\"og:image:width\" content=\"146\" \/>\n\t<meta property=\"og:image:height\" content=\"146\" \/>\n\t<meta property=\"og:image:type\" content=\"image\/png\" \/>\n<meta name=\"twitter:card\" content=\"summary_large_image\" \/>\n<script type=\"application\/ld+json\" class=\"yoast-schema-graph\">{\"@context\":\"https:\\\/\\\/schema.org\",\"@graph\":[{\"@type\":\"WebPage\",\"@id\":\"https:\\\/\\\/alegriaclinic.com\\\/es\\\/clinica-familiar-alegria\\\/clinica-familiar-alegria-contacto\\\/\",\"url\":\"https:\\\/\\\/alegriaclinic.com\\\/es\\\/clinica-familiar-alegria\\\/clinica-familiar-alegria-contacto\\\/\",\"name\":\"Cl\u00ednica Familiar Alegr\u00eda - Contacto - Alegria Clinic\",\"isPartOf\":{\"@id\":\"https:\\\/\\\/alegriaclinic.com\\\/es\\\/#website\"},\"primaryImageOfPage\":{\"@id\":\"https:\\\/\\\/alegriaclinic.com\\\/es\\\/clinica-familiar-alegria\\\/clinica-familiar-alegria-contacto\\\/#primaryimage\"},\"image\":{\"@id\":\"https:\\\/\\\/alegriaclinic.com\\\/es\\\/clinica-familiar-alegria\\\/clinica-familiar-alegria-contacto\\\/#primaryimage\"},\"thumbnailUrl\":\"https:\\\/\\\/alegriaclinic.com\\\/wp-content\\\/uploads\\\/2025\\\/01\\\/icon-location.png\",\"datePublished\":\"2025-01-16T04:08:51+00:00\",\"dateModified\":\"2025-02-04T21:50:12+00:00\",\"breadcrumb\":{\"@id\":\"https:\\\/\\\/alegriaclinic.com\\\/es\\\/clinica-familiar-alegria\\\/clinica-familiar-alegria-contacto\\\/#breadcrumb\"},\"inLanguage\":\"es\",\"potentialAction\":[{\"@type\":\"ReadAction\",\"target\":[\"https:\\\/\\\/alegriaclinic.com\\\/es\\\/clinica-familiar-alegria\\\/clinica-familiar-alegria-contacto\\\/\"]}]},{\"@type\":\"ImageObject\",\"inLanguage\":\"es\",\"@id\":\"https:\\\/\\\/alegriaclinic.com\\\/es\\\/clinica-familiar-alegria\\\/clinica-familiar-alegria-contacto\\\/#primaryimage\",\"url\":\"https:\\\/\\\/alegriaclinic.com\\\/wp-content\\\/uploads\\\/2025\\\/01\\\/icon-location.png\",\"contentUrl\":\"https:\\\/\\\/alegriaclinic.com\\\/wp-content\\\/uploads\\\/2025\\\/01\\\/icon-location.png\"},{\"@type\":\"BreadcrumbList\",\"@id\":\"https:\\\/\\\/alegriaclinic.com\\\/es\\\/clinica-familiar-alegria\\\/clinica-familiar-alegria-contacto\\\/#breadcrumb\",\"itemListElement\":[{\"@type\":\"ListItem\",\"position\":1,\"name\":\"Home\",\"item\":\"https:\\\/\\\/alegriaclinic.com\\\/es\\\/\"},{\"@type\":\"ListItem\",\"position\":2,\"name\":\"Alegria Family Clinic &#8211; Espa\u00f1ol\",\"item\":\"https:\\\/\\\/alegriaclinic.com\\\/es\\\/alegria-family-clinic\\\/\"},{\"@type\":\"ListItem\",\"position\":3,\"name\":\"Cl\u00ednica Familiar Alegr\u00eda &#8211; Contacto\"}]},{\"@type\":\"WebSite\",\"@id\":\"https:\\\/\\\/alegriaclinic.com\\\/es\\\/#website\",\"url\":\"https:\\\/\\\/alegriaclinic.com\\\/es\\\/\",\"name\":\"Alegria Clinic\",\"description\":\"\",\"publisher\":{\"@id\":\"https:\\\/\\\/alegriaclinic.com\\\/es\\\/#organization\"},\"potentialAction\":[{\"@type\":\"SearchAction\",\"target\":{\"@type\":\"EntryPoint\",\"urlTemplate\":\"https:\\\/\\\/alegriaclinic.com\\\/es\\\/?s={search_term_string}\"},\"query-input\":{\"@type\":\"PropertyValueSpecification\",\"valueRequired\":true,\"valueName\":\"search_term_string\"}}],\"inLanguage\":\"es\"},{\"@type\":\"Organization\",\"@id\":\"https:\\\/\\\/alegriaclinic.com\\\/es\\\/#organization\",\"name\":\"Alegria Clinic\",\"url\":\"https:\\\/\\\/alegriaclinic.com\\\/es\\\/\",\"logo\":{\"@type\":\"ImageObject\",\"inLanguage\":\"es\",\"@id\":\"https:\\\/\\\/alegriaclinic.com\\\/es\\\/#\\\/schema\\\/logo\\\/image\\\/\",\"url\":\"https:\\\/\\\/alegriaclinic.com\\\/wp-content\\\/uploads\\\/2025\\\/01\\\/logo.png\",\"contentUrl\":\"https:\\\/\\\/alegriaclinic.com\\\/wp-content\\\/uploads\\\/2025\\\/01\\\/logo.png\",\"width\":100,\"height\":105,\"caption\":\"Alegria Clinic\"},\"image\":{\"@id\":\"https:\\\/\\\/alegriaclinic.com\\\/es\\\/#\\\/schema\\\/logo\\\/image\\\/\"}}]}<\/script>\n<!-- \/ Yoast SEO plugin. -->","yoast_head_json":{"title":"Cl\u00ednica Familiar Alegr\u00eda - Contacto - Alegria Clinic","robots":{"index":"index","follow":"follow","max-snippet":"max-snippet:-1","max-image-preview":"max-image-preview:large","max-video-preview":"max-video-preview:-1"},"canonical":"https:\/\/alegriaclinic.com\/es\/clinica-familiar-alegria\/clinica-familiar-alegria-contacto\/","og_locale":"es_ES","og_type":"article","og_title":"Cl\u00ednica Familiar Alegr\u00eda - Contacto - Alegria Clinic","og_description":"Contacta con nosotros Ponte en contacto con la Cl\u00ednica Familiar Alegr\u00eda &#8211; \u00a1Estamos aqu\u00ed para ayudarte! Direcci\u00f3n 11203 Lake June Rd, #100 Balch Springs Texas 75180 Tel\u00e9fono (469) 776-5250 Horas Lunes: 8 a.m. &#8211; 4:30 p.m.Martes: 8 a.m. &#8211; 4:30 p.m.Mi\u00e9rcoles: 8 a.m. &#8211; 4:30 p.m.Jueves: 8 a.m. &#8211; 4:30 p.m.Viernes: 8 a.m. &#8211; 4:30 [&hellip;]","og_url":"https:\/\/alegriaclinic.com\/es\/clinica-familiar-alegria\/clinica-familiar-alegria-contacto\/","og_site_name":"Alegria Clinic","article_modified_time":"2025-02-04T21:50:12+00:00","og_image":[{"width":146,"height":146,"url":"https:\/\/alegriaclinic.com\/wp-content\/uploads\/2025\/01\/icon-location.png","type":"image\/png"}],"twitter_card":"summary_large_image","schema":{"@context":"https:\/\/schema.org","@graph":[{"@type":"WebPage","@id":"https:\/\/alegriaclinic.com\/es\/clinica-familiar-alegria\/clinica-familiar-alegria-contacto\/","url":"https:\/\/alegriaclinic.com\/es\/clinica-familiar-alegria\/clinica-familiar-alegria-contacto\/","name":"Cl\u00ednica Familiar Alegr\u00eda - Contacto - Alegria Clinic","isPartOf":{"@id":"https:\/\/alegriaclinic.com\/es\/#website"},"primaryImageOfPage":{"@id":"https:\/\/alegriaclinic.com\/es\/clinica-familiar-alegria\/clinica-familiar-alegria-contacto\/#primaryimage"},"image":{"@id":"https:\/\/alegriaclinic.com\/es\/clinica-familiar-alegria\/clinica-familiar-alegria-contacto\/#primaryimage"},"thumbnailUrl":"https:\/\/alegriaclinic.com\/wp-content\/uploads\/2025\/01\/icon-location.png","datePublished":"2025-01-16T04:08:51+00:00","dateModified":"2025-02-04T21:50:12+00:00","breadcrumb":{"@id":"https:\/\/alegriaclinic.com\/es\/clinica-familiar-alegria\/clinica-familiar-alegria-contacto\/#breadcrumb"},"inLanguage":"es","potentialAction":[{"@type":"ReadAction","target":["https:\/\/alegriaclinic.com\/es\/clinica-familiar-alegria\/clinica-familiar-alegria-contacto\/"]}]},{"@type":"ImageObject","inLanguage":"es","@id":"https:\/\/alegriaclinic.com\/es\/clinica-familiar-alegria\/clinica-familiar-alegria-contacto\/#primaryimage","url":"https:\/\/alegriaclinic.com\/wp-content\/uploads\/2025\/01\/icon-location.png","contentUrl":"https:\/\/alegriaclinic.com\/wp-content\/uploads\/2025\/01\/icon-location.png"},{"@type":"BreadcrumbList","@id":"https:\/\/alegriaclinic.com\/es\/clinica-familiar-alegria\/clinica-familiar-alegria-contacto\/#breadcrumb","itemListElement":[{"@type":"ListItem","position":1,"name":"Home","item":"https:\/\/alegriaclinic.com\/es\/"},{"@type":"ListItem","position":2,"name":"Alegria Family Clinic &#8211; Espa\u00f1ol","item":"https:\/\/alegriaclinic.com\/es\/alegria-family-clinic\/"},{"@type":"ListItem","position":3,"name":"Cl\u00ednica Familiar Alegr\u00eda &#8211; Contacto"}]},{"@type":"WebSite","@id":"https:\/\/alegriaclinic.com\/es\/#website","url":"https:\/\/alegriaclinic.com\/es\/","name":"Alegria Clinic","description":"","publisher":{"@id":"https:\/\/alegriaclinic.com\/es\/#organization"},"potentialAction":[{"@type":"SearchAction","target":{"@type":"EntryPoint","urlTemplate":"https:\/\/alegriaclinic.com\/es\/?s={search_term_string}"},"query-input":{"@type":"PropertyValueSpecification","valueRequired":true,"valueName":"search_term_string"}}],"inLanguage":"es"},{"@type":"Organization","@id":"https:\/\/alegriaclinic.com\/es\/#organization","name":"Alegria Clinic","url":"https:\/\/alegriaclinic.com\/es\/","logo":{"@type":"ImageObject","inLanguage":"es","@id":"https:\/\/alegriaclinic.com\/es\/#\/schema\/logo\/image\/","url":"https:\/\/alegriaclinic.com\/wp-content\/uploads\/2025\/01\/logo.png","contentUrl":"https:\/\/alegriaclinic.com\/wp-content\/uploads\/2025\/01\/logo.png","width":100,"height":105,"caption":"Alegria Clinic"},"image":{"@id":"https:\/\/alegriaclinic.com\/es\/#\/schema\/logo\/image\/"}}]}},"_links":{"self":[{"href":"https:\/\/alegriaclinic.com\/es\/wp-json\/wp\/v2\/pages\/2332","targetHints":{"allow":["GET"]}}],"collection":[{"href":"https:\/\/alegriaclinic.com\/es\/wp-json\/wp\/v2\/pages"}],"about":[{"href":"https:\/\/alegriaclinic.com\/es\/wp-json\/wp\/v2\/types\/page"}],"author":[{"embeddable":true,"href":"https:\/\/alegriaclinic.com\/es\/wp-json\/wp\/v2\/users\/2"}],"replies":[{"embeddable":true,"href":"https:\/\/alegriaclinic.com\/es\/wp-json\/wp\/v2\/comments?post=2332"}],"version-history":[{"count":1,"href":"https:\/\/alegriaclinic.com\/es\/wp-json\/wp\/v2\/pages\/2332\/revisions"}],"predecessor-version":[{"id":2333,"href":"https:\/\/alegriaclinic.com\/es\/wp-json\/wp\/v2\/pages\/2332\/revisions\/2333"}],"up":[{"embeddable":true,"href":"https:\/\/alegriaclinic.com\/es\/wp-json\/wp\/v2\/pages\/2336"}],"wp:attachment":[{"href":"https:\/\/alegriaclinic.com\/es\/wp-json\/wp\/v2\/media?parent=2332"}],"curies":[{"name":"wp","href":"https:\/\/api.w.org\/{rel}","templated":true}]}}