{"id":2325,"date":"2025-01-16T03:57:05","date_gmt":"2025-01-16T03:57:05","guid":{"rendered":"https:\/\/alegriaclinic.com\/alegria-family-clinic-salud-de-la-mujer\/"},"modified":"2025-02-04T21:50:12","modified_gmt":"2025-02-04T21:50:12","slug":"alegria-family-clinic-salud-de-la-mujer","status":"publish","type":"page","link":"https:\/\/alegriaclinic.com\/es\/clinica-familiar-alegria\/alegria-family-clinic-salud-de-la-mujer\/","title":{"rendered":"Alegria Family Clinic &#8211; Salud de la mujer"},"content":{"rendered":"\t\t<div data-elementor-type=\"wp-page\" data-elementor-id=\"2325\" class=\"elementor elementor-2325 elementor-461\" data-elementor-post-type=\"page\">\n\t\t\t\t<div class=\"elementor-element elementor-element-ee244a7 e-flex e-con-boxed e-con e-parent\" data-id=\"ee244a7\" data-element_type=\"container\" data-e-type=\"container\" data-settings=\"{&quot;background_background&quot;:&quot;classic&quot;}\">\n\t\t\t\t\t<div class=\"e-con-inner\">\n\t\t<div class=\"elementor-element elementor-element-92a4070 e-con-full e-flex e-con e-child\" data-id=\"92a4070\" data-element_type=\"container\" data-e-type=\"container\">\n\t\t\t\t<div class=\"elementor-element elementor-element-2f4d6cd elementor-invisible elementor-widget elementor-widget-heading\" data-id=\"2f4d6cd\" data-element_type=\"widget\" data-e-type=\"widget\" data-settings=\"{&quot;_animation&quot;:&quot;fadeIn&quot;,&quot;_animation_delay&quot;:0}\" data-widget_type=\"heading.default\">\n\t\t\t\t<div class=\"elementor-widget-container\">\n\t\t\t\t\t<h1 class=\"elementor-heading-title elementor-size-default\">Salud de la mujer<\/h1>\t\t\t\t<\/div>\n\t\t\t\t<\/div>\n\t\t\t\t<div class=\"elementor-element elementor-element-8ff0f20 elementor-invisible elementor-widget elementor-widget-heading\" data-id=\"8ff0f20\" data-element_type=\"widget\" data-e-type=\"widget\" data-settings=\"{&quot;_animation&quot;:&quot;fadeIn&quot;,&quot;_animation_delay&quot;:100}\" data-widget_type=\"heading.default\">\n\t\t\t\t<div class=\"elementor-widget-container\">\n\t\t\t\t\t<p class=\"elementor-heading-title elementor-size-default\">Prioriza tu salud con el cuidado experto de la mujer en Alegria Family Clinic<\/p>\t\t\t\t<\/div>\n\t\t\t\t<\/div>\n\t\t\t\t<\/div>\n\t\t\t\t\t<\/div>\n\t\t\t\t<\/div>\n\t\t<div class=\"elementor-element elementor-element-2b39a33 e-flex e-con-boxed e-con e-parent\" data-id=\"2b39a33\" data-element_type=\"container\" data-e-type=\"container\" data-settings=\"{&quot;background_background&quot;:&quot;classic&quot;}\">\n\t\t\t\t\t<div class=\"e-con-inner\">\n\t\t<div class=\"elementor-element elementor-element-3db80d1 e-con-full e-flex e-con e-child\" data-id=\"3db80d1\" data-element_type=\"container\" data-e-type=\"container\" data-settings=\"{&quot;background_background&quot;:&quot;classic&quot;}\">\n\t\t<div class=\"elementor-element elementor-element-4409f7a e-con-full e-flex e-con e-child\" data-id=\"4409f7a\" data-element_type=\"container\" data-e-type=\"container\">\n\t\t\t\t<div class=\"elementor-element elementor-element-83624d7 elementor-align-center elementor-widget elementor-widget-breadcrumbs\" data-id=\"83624d7\" data-element_type=\"widget\" data-e-type=\"widget\" data-widget_type=\"breadcrumbs.default\">\n\t\t\t\t<div class=\"elementor-widget-container\">\n\t\t\t\t\t<p id=\"breadcrumbs\"><span><span><a href=\"https:\/\/alegriaclinic.com\/es\/\">Home<\/a><\/span><\/span><\/p>\t\t\t\t<\/div>\n\t\t\t\t<\/div>\n\t\t\t\t<\/div>\n\t\t<div class=\"elementor-element elementor-element-6b140bf e-con-full e-flex e-con e-child\" data-id=\"6b140bf\" data-element_type=\"container\" data-e-type=\"container\">\n\t\t<div class=\"elementor-element elementor-element-0997d2f e-con-full e-flex e-con e-child\" data-id=\"0997d2f\" data-element_type=\"container\" data-e-type=\"container\">\n\t\t\t\t<div class=\"elementor-element elementor-element-0109832 elementor-invisible elementor-widget elementor-widget-heading\" data-id=\"0109832\" data-element_type=\"widget\" data-e-type=\"widget\" data-settings=\"{&quot;_animation&quot;:&quot;fadeIn&quot;,&quot;_animation_delay&quot;:0}\" data-widget_type=\"heading.default\">\n\t\t\t\t<div class=\"elementor-widget-container\">\n\t\t\t\t\t<h3 class=\"elementor-heading-title elementor-size-default\">Nuestro enfoque:<\/h3>\t\t\t\t<\/div>\n\t\t\t\t<\/div>\n\t\t\t\t<div class=\"elementor-element elementor-element-a437cca elementor-invisible elementor-widget elementor-widget-heading\" data-id=\"a437cca\" data-element_type=\"widget\" data-e-type=\"widget\" data-settings=\"{&quot;_animation&quot;:&quot;fadeIn&quot;,&quot;_animation_delay&quot;:100}\" data-widget_type=\"heading.default\">\n\t\t\t\t<div class=\"elementor-widget-container\">\n\t\t\t\t\t<p class=\"elementor-heading-title elementor-size-default\">En la Cl\u00ednica Familiar Alegr\u00eda nos dedicamos a apoyar la salud de la mujer en todas las etapas de la vida. Nuestros servicios de Salud de la Mujer est\u00e1n dise\u00f1ados para que puedas dar prioridad a tu bienestar y tomar las riendas de tu salud. Ofrecemos una gama completa de servicios esenciales, como ex\u00e1menes anuales de la mujer sana, citolog\u00edas vaginales, pruebas del VPH, ex\u00e1menes mamarios y pruebas de embarazo.\n<br><br>Nuestro equipo de compasivos profesionales sanitarios se compromete a proporcionar una atenci\u00f3n integral en un entorno c\u00f3modo y de apoyo. Tanto si te toca una revisi\u00f3n rutinaria como si necesitas atenci\u00f3n especializada, estamos aqu\u00ed para orientarte con las mejores pr\u00e1cticas en salud femenina.\n<br><br>En la Cl\u00ednica Familiar Alegr\u00eda creemos que la prevenci\u00f3n, la educaci\u00f3n y la detecci\u00f3n precoz son fundamentales para mantener una salud \u00f3ptima. Programa tu cita hoy mismo y da el primer paso hacia una persona m\u00e1s sana y vibrante.<\/p>\t\t\t\t<\/div>\n\t\t\t\t<\/div>\n\t\t\t\t<\/div>\n\t\t<div class=\"elementor-element elementor-element-f237dd0 e-con-full e-flex e-con e-child\" data-id=\"f237dd0\" data-element_type=\"container\" data-e-type=\"container\">\n\t\t\t\t<div class=\"elementor-element elementor-element-5924c06 elementor-invisible elementor-widget elementor-widget-image\" data-id=\"5924c06\" data-element_type=\"widget\" data-e-type=\"widget\" data-settings=\"{&quot;_animation&quot;:&quot;fadeIn&quot;,&quot;_animation_delay&quot;:300}\" data-widget_type=\"image.default\">\n\t\t\t\t<div class=\"elementor-widget-container\">\n\t\t\t\t\t\t\t\t\t\t\t\t\t\t\t<img fetchpriority=\"high\" decoding=\"async\" width=\"603\" height=\"574\" src=\"https:\/\/alegriaclinic.com\/wp-content\/uploads\/2025\/01\/image-womens-health.jpg\" class=\"attachment-large size-large wp-image-2244\" alt=\"\" srcset=\"https:\/\/alegriaclinic.com\/wp-content\/uploads\/2025\/01\/image-womens-health.jpg 603w, https:\/\/alegriaclinic.com\/wp-content\/uploads\/2025\/01\/image-womens-health-300x286.jpg 300w\" sizes=\"(max-width: 603px) 100vw, 603px\" \/>\t\t\t\t\t\t\t\t\t\t\t\t\t\t\t<\/div>\n\t\t\t\t<\/div>\n\t\t\t\t<\/div>\n\t\t\t\t<\/div>\n\t\t\t\t<\/div>\n\t\t\t\t\t<\/div>\n\t\t\t\t<\/div>\n\t\t\t\t<\/div>\n\t\t","protected":false},"excerpt":{"rendered":"<p>Salud de la mujer Prioriza tu salud con el cuidado experto de la mujer en Alegria Family Clinic Nuestro enfoque: En la Cl\u00ednica Familiar Alegr\u00eda nos dedicamos a apoyar la salud de la mujer en todas las etapas de la vida. Nuestros servicios de Salud de la Mujer est\u00e1n dise\u00f1ados para que puedas dar prioridad [&hellip;]<\/p>\n","protected":false},"author":2,"featured_media":0,"parent":2336,"menu_order":0,"comment_status":"closed","ping_status":"closed","template":"","meta":{"footnotes":""},"class_list":["post-2325","page","type-page","status-publish","hentry"],"yoast_head":"<!-- This site is optimized with the Yoast SEO plugin v27.4 - https:\/\/yoast.com\/product\/yoast-seo-wordpress\/ -->\n<title>Alegria Family Clinic - Salud de la mujer - Alegria Clinic<\/title>\n<meta name=\"robots\" content=\"index, follow, max-snippet:-1, max-image-preview:large, max-video-preview:-1\" \/>\n<link rel=\"canonical\" href=\"https:\/\/alegriaclinic.com\/es\/clinica-familiar-alegria\/alegria-family-clinic-salud-de-la-mujer\/\" \/>\n<meta property=\"og:locale\" content=\"es_ES\" \/>\n<meta property=\"og:type\" content=\"article\" \/>\n<meta property=\"og:title\" content=\"Alegria Family Clinic - Salud de la mujer - Alegria Clinic\" \/>\n<meta property=\"og:description\" content=\"Salud de la mujer Prioriza tu salud con el cuidado experto de la mujer en Alegria Family Clinic Nuestro enfoque: En la Cl\u00ednica Familiar Alegr\u00eda nos dedicamos a apoyar la salud de la mujer en todas las etapas de la vida. Nuestros servicios de Salud de la Mujer est\u00e1n dise\u00f1ados para que puedas dar prioridad [&hellip;]\" \/>\n<meta property=\"og:url\" content=\"https:\/\/alegriaclinic.com\/es\/clinica-familiar-alegria\/alegria-family-clinic-salud-de-la-mujer\/\" \/>\n<meta property=\"og:site_name\" content=\"Alegria Clinic\" \/>\n<meta property=\"article:modified_time\" content=\"2025-02-04T21:50:12+00:00\" \/>\n<meta property=\"og:image\" content=\"https:\/\/alegriaclinic.com\/wp-content\/uploads\/2025\/01\/image-womens-health.jpg\" \/>\n\t<meta property=\"og:image:width\" content=\"603\" \/>\n\t<meta property=\"og:image:height\" content=\"574\" \/>\n\t<meta property=\"og:image:type\" content=\"image\/jpeg\" \/>\n<meta name=\"twitter:card\" content=\"summary_large_image\" \/>\n<meta name=\"twitter:label1\" content=\"Tiempo de lectura\" \/>\n\t<meta name=\"twitter:data1\" content=\"1 minuto\" \/>\n<script type=\"application\/ld+json\" class=\"yoast-schema-graph\">{\"@context\":\"https:\\\/\\\/schema.org\",\"@graph\":[{\"@type\":\"WebPage\",\"@id\":\"https:\\\/\\\/alegriaclinic.com\\\/es\\\/clinica-familiar-alegria\\\/alegria-family-clinic-salud-de-la-mujer\\\/\",\"url\":\"https:\\\/\\\/alegriaclinic.com\\\/es\\\/clinica-familiar-alegria\\\/alegria-family-clinic-salud-de-la-mujer\\\/\",\"name\":\"Alegria Family Clinic - Salud de la mujer - Alegria Clinic\",\"isPartOf\":{\"@id\":\"https:\\\/\\\/alegriaclinic.com\\\/es\\\/#website\"},\"primaryImageOfPage\":{\"@id\":\"https:\\\/\\\/alegriaclinic.com\\\/es\\\/clinica-familiar-alegria\\\/alegria-family-clinic-salud-de-la-mujer\\\/#primaryimage\"},\"image\":{\"@id\":\"https:\\\/\\\/alegriaclinic.com\\\/es\\\/clinica-familiar-alegria\\\/alegria-family-clinic-salud-de-la-mujer\\\/#primaryimage\"},\"thumbnailUrl\":\"https:\\\/\\\/alegriaclinic.com\\\/wp-content\\\/uploads\\\/2025\\\/01\\\/image-womens-health.jpg\",\"datePublished\":\"2025-01-16T03:57:05+00:00\",\"dateModified\":\"2025-02-04T21:50:12+00:00\",\"breadcrumb\":{\"@id\":\"https:\\\/\\\/alegriaclinic.com\\\/es\\\/clinica-familiar-alegria\\\/alegria-family-clinic-salud-de-la-mujer\\\/#breadcrumb\"},\"inLanguage\":\"es\",\"potentialAction\":[{\"@type\":\"ReadAction\",\"target\":[\"https:\\\/\\\/alegriaclinic.com\\\/es\\\/clinica-familiar-alegria\\\/alegria-family-clinic-salud-de-la-mujer\\\/\"]}]},{\"@type\":\"ImageObject\",\"inLanguage\":\"es\",\"@id\":\"https:\\\/\\\/alegriaclinic.com\\\/es\\\/clinica-familiar-alegria\\\/alegria-family-clinic-salud-de-la-mujer\\\/#primaryimage\",\"url\":\"https:\\\/\\\/alegriaclinic.com\\\/wp-content\\\/uploads\\\/2025\\\/01\\\/image-womens-health.jpg\",\"contentUrl\":\"https:\\\/\\\/alegriaclinic.com\\\/wp-content\\\/uploads\\\/2025\\\/01\\\/image-womens-health.jpg\"},{\"@type\":\"BreadcrumbList\",\"@id\":\"https:\\\/\\\/alegriaclinic.com\\\/es\\\/clinica-familiar-alegria\\\/alegria-family-clinic-salud-de-la-mujer\\\/#breadcrumb\",\"itemListElement\":[{\"@type\":\"ListItem\",\"position\":1,\"name\":\"Home\",\"item\":\"https:\\\/\\\/alegriaclinic.com\\\/es\\\/\"},{\"@type\":\"ListItem\",\"position\":2,\"name\":\"Alegria Family Clinic &#8211; Espa\u00f1ol\",\"item\":\"https:\\\/\\\/alegriaclinic.com\\\/es\\\/alegria-family-clinic\\\/\"},{\"@type\":\"ListItem\",\"position\":3,\"name\":\"Alegria Family Clinic &#8211; Salud de la mujer\"}]},{\"@type\":\"WebSite\",\"@id\":\"https:\\\/\\\/alegriaclinic.com\\\/es\\\/#website\",\"url\":\"https:\\\/\\\/alegriaclinic.com\\\/es\\\/\",\"name\":\"Alegria Clinic\",\"description\":\"\",\"publisher\":{\"@id\":\"https:\\\/\\\/alegriaclinic.com\\\/es\\\/#organization\"},\"potentialAction\":[{\"@type\":\"SearchAction\",\"target\":{\"@type\":\"EntryPoint\",\"urlTemplate\":\"https:\\\/\\\/alegriaclinic.com\\\/es\\\/?s={search_term_string}\"},\"query-input\":{\"@type\":\"PropertyValueSpecification\",\"valueRequired\":true,\"valueName\":\"search_term_string\"}}],\"inLanguage\":\"es\"},{\"@type\":\"Organization\",\"@id\":\"https:\\\/\\\/alegriaclinic.com\\\/es\\\/#organization\",\"name\":\"Alegria Clinic\",\"url\":\"https:\\\/\\\/alegriaclinic.com\\\/es\\\/\",\"logo\":{\"@type\":\"ImageObject\",\"inLanguage\":\"es\",\"@id\":\"https:\\\/\\\/alegriaclinic.com\\\/es\\\/#\\\/schema\\\/logo\\\/image\\\/\",\"url\":\"https:\\\/\\\/alegriaclinic.com\\\/wp-content\\\/uploads\\\/2025\\\/01\\\/logo.png\",\"contentUrl\":\"https:\\\/\\\/alegriaclinic.com\\\/wp-content\\\/uploads\\\/2025\\\/01\\\/logo.png\",\"width\":100,\"height\":105,\"caption\":\"Alegria Clinic\"},\"image\":{\"@id\":\"https:\\\/\\\/alegriaclinic.com\\\/es\\\/#\\\/schema\\\/logo\\\/image\\\/\"}}]}<\/script>\n<!-- \/ Yoast SEO plugin. -->","yoast_head_json":{"title":"Alegria Family Clinic - Salud de la mujer - Alegria Clinic","robots":{"index":"index","follow":"follow","max-snippet":"max-snippet:-1","max-image-preview":"max-image-preview:large","max-video-preview":"max-video-preview:-1"},"canonical":"https:\/\/alegriaclinic.com\/es\/clinica-familiar-alegria\/alegria-family-clinic-salud-de-la-mujer\/","og_locale":"es_ES","og_type":"article","og_title":"Alegria Family Clinic - Salud de la mujer - Alegria Clinic","og_description":"Salud de la mujer Prioriza tu salud con el cuidado experto de la mujer en Alegria Family Clinic Nuestro enfoque: En la Cl\u00ednica Familiar Alegr\u00eda nos dedicamos a apoyar la salud de la mujer en todas las etapas de la vida. Nuestros servicios de Salud de la Mujer est\u00e1n dise\u00f1ados para que puedas dar prioridad [&hellip;]","og_url":"https:\/\/alegriaclinic.com\/es\/clinica-familiar-alegria\/alegria-family-clinic-salud-de-la-mujer\/","og_site_name":"Alegria Clinic","article_modified_time":"2025-02-04T21:50:12+00:00","og_image":[{"width":603,"height":574,"url":"https:\/\/alegriaclinic.com\/wp-content\/uploads\/2025\/01\/image-womens-health.jpg","type":"image\/jpeg"}],"twitter_card":"summary_large_image","twitter_misc":{"Tiempo de lectura":"1 minuto"},"schema":{"@context":"https:\/\/schema.org","@graph":[{"@type":"WebPage","@id":"https:\/\/alegriaclinic.com\/es\/clinica-familiar-alegria\/alegria-family-clinic-salud-de-la-mujer\/","url":"https:\/\/alegriaclinic.com\/es\/clinica-familiar-alegria\/alegria-family-clinic-salud-de-la-mujer\/","name":"Alegria Family Clinic - Salud de la mujer - Alegria Clinic","isPartOf":{"@id":"https:\/\/alegriaclinic.com\/es\/#website"},"primaryImageOfPage":{"@id":"https:\/\/alegriaclinic.com\/es\/clinica-familiar-alegria\/alegria-family-clinic-salud-de-la-mujer\/#primaryimage"},"image":{"@id":"https:\/\/alegriaclinic.com\/es\/clinica-familiar-alegria\/alegria-family-clinic-salud-de-la-mujer\/#primaryimage"},"thumbnailUrl":"https:\/\/alegriaclinic.com\/wp-content\/uploads\/2025\/01\/image-womens-health.jpg","datePublished":"2025-01-16T03:57:05+00:00","dateModified":"2025-02-04T21:50:12+00:00","breadcrumb":{"@id":"https:\/\/alegriaclinic.com\/es\/clinica-familiar-alegria\/alegria-family-clinic-salud-de-la-mujer\/#breadcrumb"},"inLanguage":"es","potentialAction":[{"@type":"ReadAction","target":["https:\/\/alegriaclinic.com\/es\/clinica-familiar-alegria\/alegria-family-clinic-salud-de-la-mujer\/"]}]},{"@type":"ImageObject","inLanguage":"es","@id":"https:\/\/alegriaclinic.com\/es\/clinica-familiar-alegria\/alegria-family-clinic-salud-de-la-mujer\/#primaryimage","url":"https:\/\/alegriaclinic.com\/wp-content\/uploads\/2025\/01\/image-womens-health.jpg","contentUrl":"https:\/\/alegriaclinic.com\/wp-content\/uploads\/2025\/01\/image-womens-health.jpg"},{"@type":"BreadcrumbList","@id":"https:\/\/alegriaclinic.com\/es\/clinica-familiar-alegria\/alegria-family-clinic-salud-de-la-mujer\/#breadcrumb","itemListElement":[{"@type":"ListItem","position":1,"name":"Home","item":"https:\/\/alegriaclinic.com\/es\/"},{"@type":"ListItem","position":2,"name":"Alegria Family Clinic &#8211; Espa\u00f1ol","item":"https:\/\/alegriaclinic.com\/es\/alegria-family-clinic\/"},{"@type":"ListItem","position":3,"name":"Alegria Family Clinic &#8211; Salud de la mujer"}]},{"@type":"WebSite","@id":"https:\/\/alegriaclinic.com\/es\/#website","url":"https:\/\/alegriaclinic.com\/es\/","name":"Alegria Clinic","description":"","publisher":{"@id":"https:\/\/alegriaclinic.com\/es\/#organization"},"potentialAction":[{"@type":"SearchAction","target":{"@type":"EntryPoint","urlTemplate":"https:\/\/alegriaclinic.com\/es\/?s={search_term_string}"},"query-input":{"@type":"PropertyValueSpecification","valueRequired":true,"valueName":"search_term_string"}}],"inLanguage":"es"},{"@type":"Organization","@id":"https:\/\/alegriaclinic.com\/es\/#organization","name":"Alegria Clinic","url":"https:\/\/alegriaclinic.com\/es\/","logo":{"@type":"ImageObject","inLanguage":"es","@id":"https:\/\/alegriaclinic.com\/es\/#\/schema\/logo\/image\/","url":"https:\/\/alegriaclinic.com\/wp-content\/uploads\/2025\/01\/logo.png","contentUrl":"https:\/\/alegriaclinic.com\/wp-content\/uploads\/2025\/01\/logo.png","width":100,"height":105,"caption":"Alegria Clinic"},"image":{"@id":"https:\/\/alegriaclinic.com\/es\/#\/schema\/logo\/image\/"}}]}},"_links":{"self":[{"href":"https:\/\/alegriaclinic.com\/es\/wp-json\/wp\/v2\/pages\/2325","targetHints":{"allow":["GET"]}}],"collection":[{"href":"https:\/\/alegriaclinic.com\/es\/wp-json\/wp\/v2\/pages"}],"about":[{"href":"https:\/\/alegriaclinic.com\/es\/wp-json\/wp\/v2\/types\/page"}],"author":[{"embeddable":true,"href":"https:\/\/alegriaclinic.com\/es\/wp-json\/wp\/v2\/users\/2"}],"replies":[{"embeddable":true,"href":"https:\/\/alegriaclinic.com\/es\/wp-json\/wp\/v2\/comments?post=2325"}],"version-history":[{"count":1,"href":"https:\/\/alegriaclinic.com\/es\/wp-json\/wp\/v2\/pages\/2325\/revisions"}],"predecessor-version":[{"id":2328,"href":"https:\/\/alegriaclinic.com\/es\/wp-json\/wp\/v2\/pages\/2325\/revisions\/2328"}],"up":[{"embeddable":true,"href":"https:\/\/alegriaclinic.com\/es\/wp-json\/wp\/v2\/pages\/2336"}],"wp:attachment":[{"href":"https:\/\/alegriaclinic.com\/es\/wp-json\/wp\/v2\/media?parent=2325"}],"curies":[{"name":"wp","href":"https:\/\/api.w.org\/{rel}","templated":true}]}}