{"id":2324,"date":"2025-01-16T02:51:13","date_gmt":"2025-01-16T02:51:13","guid":{"rendered":"https:\/\/alegriaclinic.com\/clinica-familiar-alegria-quienes-somos\/"},"modified":"2025-02-04T21:50:12","modified_gmt":"2025-02-04T21:50:12","slug":"clinica-familiar-alegria-quienes-somos","status":"publish","type":"page","link":"https:\/\/alegriaclinic.com\/es\/clinica-familiar-alegria\/clinica-familiar-alegria-quienes-somos\/","title":{"rendered":"Cl\u00ednica Familiar Alegr\u00eda &#8211; Qui\u00e9nes somos"},"content":{"rendered":"\t\t<div data-elementor-type=\"wp-page\" data-elementor-id=\"2324\" class=\"elementor elementor-2324 elementor-365\" data-elementor-post-type=\"page\">\n\t\t\t\t<div class=\"elementor-element elementor-element-ee244a7 e-flex e-con-boxed e-con e-parent\" data-id=\"ee244a7\" data-element_type=\"container\" data-e-type=\"container\" data-settings=\"{&quot;background_background&quot;:&quot;classic&quot;}\">\n\t\t\t\t\t<div class=\"e-con-inner\">\n\t\t<div class=\"elementor-element elementor-element-92a4070 e-con-full e-flex e-con e-child\" data-id=\"92a4070\" data-element_type=\"container\" data-e-type=\"container\">\n\t\t\t\t<div class=\"elementor-element elementor-element-2f4d6cd elementor-invisible elementor-widget elementor-widget-heading\" data-id=\"2f4d6cd\" data-element_type=\"widget\" data-e-type=\"widget\" data-settings=\"{&quot;_animation&quot;:&quot;fadeIn&quot;,&quot;_animation_delay&quot;:0}\" data-widget_type=\"heading.default\">\n\t\t\t\t<div class=\"elementor-widget-container\">\n\t\t\t\t\t<h1 class=\"elementor-heading-title elementor-size-default\">Qui\u00e9nes somos<\/h1>\t\t\t\t<\/div>\n\t\t\t\t<\/div>\n\t\t\t\t<div class=\"elementor-element elementor-element-8ff0f20 elementor-invisible elementor-widget elementor-widget-heading\" data-id=\"8ff0f20\" data-element_type=\"widget\" data-e-type=\"widget\" data-settings=\"{&quot;_animation&quot;:&quot;fadeIn&quot;,&quot;_animation_delay&quot;:100}\" data-widget_type=\"heading.default\">\n\t\t\t\t<div class=\"elementor-widget-container\">\n\t\t\t\t\t<p class=\"elementor-heading-title elementor-size-default\">Te invitamos a visitar la Cl\u00ednica Familiar Alegr\u00eda, donde tu comodidad y satisfacci\u00f3n son nuestras m\u00e1ximas prioridades.\nNuestro equipo espera darte la bienvenida a nuestro apacible refugio y ayudarte a alcanzar tus aspiraciones de belleza y bienestar.<\/p>\t\t\t\t<\/div>\n\t\t\t\t<\/div>\n\t\t\t\t<\/div>\n\t\t\t\t\t<\/div>\n\t\t\t\t<\/div>\n\t\t<div class=\"elementor-element elementor-element-2b39a33 e-flex e-con-boxed e-con e-parent\" data-id=\"2b39a33\" data-element_type=\"container\" data-e-type=\"container\" data-settings=\"{&quot;background_background&quot;:&quot;classic&quot;}\">\n\t\t\t\t\t<div class=\"e-con-inner\">\n\t\t<div class=\"elementor-element elementor-element-3db80d1 e-con-full e-flex e-con e-child\" data-id=\"3db80d1\" data-element_type=\"container\" data-e-type=\"container\" data-settings=\"{&quot;background_background&quot;:&quot;classic&quot;}\">\n\t\t<div class=\"elementor-element elementor-element-4409f7a e-con-full e-flex e-con e-child\" data-id=\"4409f7a\" data-element_type=\"container\" data-e-type=\"container\">\n\t\t\t\t<div class=\"elementor-element elementor-element-83624d7 elementor-align-center elementor-widget elementor-widget-breadcrumbs\" data-id=\"83624d7\" data-element_type=\"widget\" data-e-type=\"widget\" data-widget_type=\"breadcrumbs.default\">\n\t\t\t\t<div class=\"elementor-widget-container\">\n\t\t\t\t\t<p id=\"breadcrumbs\"><span><span><a href=\"https:\/\/alegriaclinic.com\/es\/\">Home<\/a><\/span><\/span><\/p>\t\t\t\t<\/div>\n\t\t\t\t<\/div>\n\t\t\t\t<\/div>\n\t\t\t\t<div class=\"elementor-element elementor-element-942ffee elementor-invisible elementor-widget elementor-widget-heading\" data-id=\"942ffee\" data-element_type=\"widget\" data-e-type=\"widget\" data-settings=\"{&quot;_animation&quot;:&quot;fadeIn&quot;,&quot;_animation_delay&quot;:0}\" data-widget_type=\"heading.default\">\n\t\t\t\t<div class=\"elementor-widget-container\">\n\t\t\t\t\t<h2 class=\"elementor-heading-title elementor-size-default\">Dra. Leena G Panicker DNP, APRN, FNP-C<\/h2>\t\t\t\t<\/div>\n\t\t\t\t<\/div>\n\t\t\t\t<div class=\"elementor-element elementor-element-0109832 elementor-invisible elementor-widget elementor-widget-heading\" data-id=\"0109832\" data-element_type=\"widget\" data-e-type=\"widget\" data-settings=\"{&quot;_animation&quot;:&quot;fadeIn&quot;,&quot;_animation_delay&quot;:0}\" data-widget_type=\"heading.default\">\n\t\t\t\t<div class=\"elementor-widget-container\">\n\t\t\t\t\t<h3 class=\"elementor-heading-title elementor-size-default\">Director M\u00e9dico: Dr. Osuagwu Chukwuma M. D<\/h3>\t\t\t\t<\/div>\n\t\t\t\t<\/div>\n\t\t\t\t<div class=\"elementor-element elementor-element-a437cca elementor-invisible elementor-widget elementor-widget-heading\" data-id=\"a437cca\" data-element_type=\"widget\" data-e-type=\"widget\" data-settings=\"{&quot;_animation&quot;:&quot;fadeIn&quot;,&quot;_animation_delay&quot;:0}\" data-widget_type=\"heading.default\">\n\t\t\t\t<div class=\"elementor-widget-container\">\n\t\t\t\t\t<p class=\"elementor-heading-title elementor-size-default\">Tambi\u00e9n estamos afiliados a estas Asociaciones M\u00e9dicas:<br>Junta M\u00e9dica de Texas, Agencia Reguladora<br>Junta de Enfermeras Profesionales de Texas<\/p>\t\t\t\t<\/div>\n\t\t\t\t<\/div>\n\t\t\t\t<div class=\"elementor-element elementor-element-e1ccea9 elementor-invisible elementor-widget elementor-widget-heading\" data-id=\"e1ccea9\" data-element_type=\"widget\" data-e-type=\"widget\" data-settings=\"{&quot;_animation&quot;:&quot;fadeIn&quot;,&quot;_animation_delay&quot;:0}\" data-widget_type=\"heading.default\">\n\t\t\t\t<div class=\"elementor-widget-container\">\n\t\t\t\t\t<h3 class=\"elementor-heading-title elementor-size-default\">T\u00edtulo profesional<\/h3>\t\t\t\t<\/div>\n\t\t\t\t<\/div>\n\t\t\t\t<div class=\"elementor-element elementor-element-5dc4277 elementor-invisible elementor-widget elementor-widget-heading\" data-id=\"5dc4277\" data-element_type=\"widget\" data-e-type=\"widget\" data-settings=\"{&quot;_animation&quot;:&quot;fadeIn&quot;,&quot;_animation_delay&quot;:0}\" data-widget_type=\"heading.default\">\n\t\t\t\t<div class=\"elementor-widget-container\">\n\t\t\t\t\t<p class=\"elementor-heading-title elementor-size-default\">Enfermera de Familia<\/p>\t\t\t\t<\/div>\n\t\t\t\t<\/div>\n\t\t\t\t<div class=\"elementor-element elementor-element-d8b137d elementor-invisible elementor-widget elementor-widget-heading\" data-id=\"d8b137d\" data-element_type=\"widget\" data-e-type=\"widget\" data-settings=\"{&quot;_animation&quot;:&quot;fadeIn&quot;,&quot;_animation_delay&quot;:0}\" data-widget_type=\"heading.default\">\n\t\t\t\t<div class=\"elementor-widget-container\">\n\t\t\t\t\t<h3 class=\"elementor-heading-title elementor-size-default\">Declaraci\u00f3n de objetivos<\/h3>\t\t\t\t<\/div>\n\t\t\t\t<\/div>\n\t\t\t\t<div class=\"elementor-element elementor-element-09c17b3 elementor-invisible elementor-widget elementor-widget-heading\" data-id=\"09c17b3\" data-element_type=\"widget\" data-e-type=\"widget\" data-settings=\"{&quot;_animation&quot;:&quot;fadeIn&quot;,&quot;_animation_delay&quot;:0}\" data-widget_type=\"heading.default\">\n\t\t\t\t<div class=\"elementor-widget-container\">\n\t\t\t\t\t<p class=\"elementor-heading-title elementor-size-default\">Los proveedores de la familia Alegr\u00eda se centran en proporcionar una atenci\u00f3n excelente y asequible de alta calidad a todas las personas, independientemente de su credo, color, creencias religiosas o situaci\u00f3n socioecon\u00f3mica.\n<br><br>La Cl\u00ednica Familiar Alegr\u00eda puede realizar ex\u00e1menes f\u00edsicos, recetar medicamentos, facilitar servicios de laboratorio y mucho m\u00e1s. Para todo lo relacionado con tu salud, puedes contar con nuestros m\u00e9dicos y el personal m\u00e9dico de la cl\u00ednica para que te presten servicios de atenci\u00f3n al paciente r\u00e1pidos y eficaces. \n<br><br>Nuestra cl\u00ednica cuenta con personal sanitario aliado y m\u00e9dicos que pueden ser tu fuente de valiosos consejos m\u00e9dicos cuando los necesites. Nuestro objetivo es mantenerte sano de la mejor manera posible. Para ello, mantenemos sistem\u00e1ticamente la calidad de nuestros servicios y, siempre que sea posible, te proporcionaremos la informaci\u00f3n o los recursos sanitarios indispensables que te permitir\u00e1n mantenerte sano a ti y a tu familia.  <\/p>\t\t\t\t<\/div>\n\t\t\t\t<\/div>\n\t\t\t\t<\/div>\n\t\t\t\t\t<\/div>\n\t\t\t\t<\/div>\n\t\t\t\t<\/div>\n\t\t","protected":false},"excerpt":{"rendered":"<p>Qui\u00e9nes somos Te invitamos a visitar la Cl\u00ednica Familiar Alegr\u00eda, donde tu comodidad y satisfacci\u00f3n son nuestras m\u00e1ximas prioridades. Nuestro equipo espera darte la bienvenida a nuestro apacible refugio y ayudarte a alcanzar tus aspiraciones de belleza y bienestar. Dra. Leena G Panicker DNP, APRN, FNP-C Director M\u00e9dico: Dr. Osuagwu Chukwuma M. D Tambi\u00e9n estamos [&hellip;]<\/p>\n","protected":false},"author":2,"featured_media":0,"parent":2336,"menu_order":0,"comment_status":"closed","ping_status":"closed","template":"","meta":{"footnotes":""},"class_list":["post-2324","page","type-page","status-publish","hentry"],"yoast_head":"<!-- This site is optimized with the Yoast SEO plugin v27.4 - https:\/\/yoast.com\/product\/yoast-seo-wordpress\/ -->\n<title>Cl\u00ednica Familiar Alegr\u00eda - Qui\u00e9nes somos - Alegria Clinic<\/title>\n<meta name=\"robots\" content=\"index, follow, max-snippet:-1, max-image-preview:large, max-video-preview:-1\" \/>\n<link rel=\"canonical\" href=\"https:\/\/alegriaclinic.com\/es\/clinica-familiar-alegria\/clinica-familiar-alegria-quienes-somos\/\" \/>\n<meta property=\"og:locale\" content=\"es_ES\" \/>\n<meta property=\"og:type\" content=\"article\" \/>\n<meta property=\"og:title\" content=\"Cl\u00ednica Familiar Alegr\u00eda - Qui\u00e9nes somos - Alegria Clinic\" \/>\n<meta property=\"og:description\" content=\"Qui\u00e9nes somos Te invitamos a visitar la Cl\u00ednica Familiar Alegr\u00eda, donde tu comodidad y satisfacci\u00f3n son nuestras m\u00e1ximas prioridades. Nuestro equipo espera darte la bienvenida a nuestro apacible refugio y ayudarte a alcanzar tus aspiraciones de belleza y bienestar. Dra. Leena G Panicker DNP, APRN, FNP-C Director M\u00e9dico: Dr. Osuagwu Chukwuma M. D Tambi\u00e9n estamos [&hellip;]\" \/>\n<meta property=\"og:url\" content=\"https:\/\/alegriaclinic.com\/es\/clinica-familiar-alegria\/clinica-familiar-alegria-quienes-somos\/\" \/>\n<meta property=\"og:site_name\" content=\"Alegria Clinic\" \/>\n<meta property=\"article:modified_time\" content=\"2025-02-04T21:50:12+00:00\" \/>\n<meta name=\"twitter:card\" content=\"summary_large_image\" \/>\n<meta name=\"twitter:label1\" content=\"Tiempo de lectura\" \/>\n\t<meta name=\"twitter:data1\" content=\"1 minuto\" \/>\n<script type=\"application\/ld+json\" class=\"yoast-schema-graph\">{\"@context\":\"https:\\\/\\\/schema.org\",\"@graph\":[{\"@type\":\"WebPage\",\"@id\":\"https:\\\/\\\/alegriaclinic.com\\\/es\\\/clinica-familiar-alegria\\\/clinica-familiar-alegria-quienes-somos\\\/\",\"url\":\"https:\\\/\\\/alegriaclinic.com\\\/es\\\/clinica-familiar-alegria\\\/clinica-familiar-alegria-quienes-somos\\\/\",\"name\":\"Cl\u00ednica Familiar Alegr\u00eda - Qui\u00e9nes somos - Alegria Clinic\",\"isPartOf\":{\"@id\":\"https:\\\/\\\/alegriaclinic.com\\\/es\\\/#website\"},\"datePublished\":\"2025-01-16T02:51:13+00:00\",\"dateModified\":\"2025-02-04T21:50:12+00:00\",\"breadcrumb\":{\"@id\":\"https:\\\/\\\/alegriaclinic.com\\\/es\\\/clinica-familiar-alegria\\\/clinica-familiar-alegria-quienes-somos\\\/#breadcrumb\"},\"inLanguage\":\"es\",\"potentialAction\":[{\"@type\":\"ReadAction\",\"target\":[\"https:\\\/\\\/alegriaclinic.com\\\/es\\\/clinica-familiar-alegria\\\/clinica-familiar-alegria-quienes-somos\\\/\"]}]},{\"@type\":\"BreadcrumbList\",\"@id\":\"https:\\\/\\\/alegriaclinic.com\\\/es\\\/clinica-familiar-alegria\\\/clinica-familiar-alegria-quienes-somos\\\/#breadcrumb\",\"itemListElement\":[{\"@type\":\"ListItem\",\"position\":1,\"name\":\"Home\",\"item\":\"https:\\\/\\\/alegriaclinic.com\\\/es\\\/\"},{\"@type\":\"ListItem\",\"position\":2,\"name\":\"Alegria Family Clinic &#8211; Espa\u00f1ol\",\"item\":\"https:\\\/\\\/alegriaclinic.com\\\/es\\\/alegria-family-clinic\\\/\"},{\"@type\":\"ListItem\",\"position\":3,\"name\":\"Cl\u00ednica Familiar Alegr\u00eda &#8211; Qui\u00e9nes somos\"}]},{\"@type\":\"WebSite\",\"@id\":\"https:\\\/\\\/alegriaclinic.com\\\/es\\\/#website\",\"url\":\"https:\\\/\\\/alegriaclinic.com\\\/es\\\/\",\"name\":\"Alegria Clinic\",\"description\":\"\",\"publisher\":{\"@id\":\"https:\\\/\\\/alegriaclinic.com\\\/es\\\/#organization\"},\"potentialAction\":[{\"@type\":\"SearchAction\",\"target\":{\"@type\":\"EntryPoint\",\"urlTemplate\":\"https:\\\/\\\/alegriaclinic.com\\\/es\\\/?s={search_term_string}\"},\"query-input\":{\"@type\":\"PropertyValueSpecification\",\"valueRequired\":true,\"valueName\":\"search_term_string\"}}],\"inLanguage\":\"es\"},{\"@type\":\"Organization\",\"@id\":\"https:\\\/\\\/alegriaclinic.com\\\/es\\\/#organization\",\"name\":\"Alegria Clinic\",\"url\":\"https:\\\/\\\/alegriaclinic.com\\\/es\\\/\",\"logo\":{\"@type\":\"ImageObject\",\"inLanguage\":\"es\",\"@id\":\"https:\\\/\\\/alegriaclinic.com\\\/es\\\/#\\\/schema\\\/logo\\\/image\\\/\",\"url\":\"https:\\\/\\\/alegriaclinic.com\\\/wp-content\\\/uploads\\\/2025\\\/01\\\/logo.png\",\"contentUrl\":\"https:\\\/\\\/alegriaclinic.com\\\/wp-content\\\/uploads\\\/2025\\\/01\\\/logo.png\",\"width\":100,\"height\":105,\"caption\":\"Alegria Clinic\"},\"image\":{\"@id\":\"https:\\\/\\\/alegriaclinic.com\\\/es\\\/#\\\/schema\\\/logo\\\/image\\\/\"}}]}<\/script>\n<!-- \/ Yoast SEO plugin. -->","yoast_head_json":{"title":"Cl\u00ednica Familiar Alegr\u00eda - Qui\u00e9nes somos - Alegria Clinic","robots":{"index":"index","follow":"follow","max-snippet":"max-snippet:-1","max-image-preview":"max-image-preview:large","max-video-preview":"max-video-preview:-1"},"canonical":"https:\/\/alegriaclinic.com\/es\/clinica-familiar-alegria\/clinica-familiar-alegria-quienes-somos\/","og_locale":"es_ES","og_type":"article","og_title":"Cl\u00ednica Familiar Alegr\u00eda - Qui\u00e9nes somos - Alegria Clinic","og_description":"Qui\u00e9nes somos Te invitamos a visitar la Cl\u00ednica Familiar Alegr\u00eda, donde tu comodidad y satisfacci\u00f3n son nuestras m\u00e1ximas prioridades. Nuestro equipo espera darte la bienvenida a nuestro apacible refugio y ayudarte a alcanzar tus aspiraciones de belleza y bienestar. Dra. Leena G Panicker DNP, APRN, FNP-C Director M\u00e9dico: Dr. Osuagwu Chukwuma M. D Tambi\u00e9n estamos [&hellip;]","og_url":"https:\/\/alegriaclinic.com\/es\/clinica-familiar-alegria\/clinica-familiar-alegria-quienes-somos\/","og_site_name":"Alegria Clinic","article_modified_time":"2025-02-04T21:50:12+00:00","twitter_card":"summary_large_image","twitter_misc":{"Tiempo de lectura":"1 minuto"},"schema":{"@context":"https:\/\/schema.org","@graph":[{"@type":"WebPage","@id":"https:\/\/alegriaclinic.com\/es\/clinica-familiar-alegria\/clinica-familiar-alegria-quienes-somos\/","url":"https:\/\/alegriaclinic.com\/es\/clinica-familiar-alegria\/clinica-familiar-alegria-quienes-somos\/","name":"Cl\u00ednica Familiar Alegr\u00eda - Qui\u00e9nes somos - Alegria Clinic","isPartOf":{"@id":"https:\/\/alegriaclinic.com\/es\/#website"},"datePublished":"2025-01-16T02:51:13+00:00","dateModified":"2025-02-04T21:50:12+00:00","breadcrumb":{"@id":"https:\/\/alegriaclinic.com\/es\/clinica-familiar-alegria\/clinica-familiar-alegria-quienes-somos\/#breadcrumb"},"inLanguage":"es","potentialAction":[{"@type":"ReadAction","target":["https:\/\/alegriaclinic.com\/es\/clinica-familiar-alegria\/clinica-familiar-alegria-quienes-somos\/"]}]},{"@type":"BreadcrumbList","@id":"https:\/\/alegriaclinic.com\/es\/clinica-familiar-alegria\/clinica-familiar-alegria-quienes-somos\/#breadcrumb","itemListElement":[{"@type":"ListItem","position":1,"name":"Home","item":"https:\/\/alegriaclinic.com\/es\/"},{"@type":"ListItem","position":2,"name":"Alegria Family Clinic &#8211; Espa\u00f1ol","item":"https:\/\/alegriaclinic.com\/es\/alegria-family-clinic\/"},{"@type":"ListItem","position":3,"name":"Cl\u00ednica Familiar Alegr\u00eda &#8211; Qui\u00e9nes somos"}]},{"@type":"WebSite","@id":"https:\/\/alegriaclinic.com\/es\/#website","url":"https:\/\/alegriaclinic.com\/es\/","name":"Alegria Clinic","description":"","publisher":{"@id":"https:\/\/alegriaclinic.com\/es\/#organization"},"potentialAction":[{"@type":"SearchAction","target":{"@type":"EntryPoint","urlTemplate":"https:\/\/alegriaclinic.com\/es\/?s={search_term_string}"},"query-input":{"@type":"PropertyValueSpecification","valueRequired":true,"valueName":"search_term_string"}}],"inLanguage":"es"},{"@type":"Organization","@id":"https:\/\/alegriaclinic.com\/es\/#organization","name":"Alegria Clinic","url":"https:\/\/alegriaclinic.com\/es\/","logo":{"@type":"ImageObject","inLanguage":"es","@id":"https:\/\/alegriaclinic.com\/es\/#\/schema\/logo\/image\/","url":"https:\/\/alegriaclinic.com\/wp-content\/uploads\/2025\/01\/logo.png","contentUrl":"https:\/\/alegriaclinic.com\/wp-content\/uploads\/2025\/01\/logo.png","width":100,"height":105,"caption":"Alegria Clinic"},"image":{"@id":"https:\/\/alegriaclinic.com\/es\/#\/schema\/logo\/image\/"}}]}},"_links":{"self":[{"href":"https:\/\/alegriaclinic.com\/es\/wp-json\/wp\/v2\/pages\/2324","targetHints":{"allow":["GET"]}}],"collection":[{"href":"https:\/\/alegriaclinic.com\/es\/wp-json\/wp\/v2\/pages"}],"about":[{"href":"https:\/\/alegriaclinic.com\/es\/wp-json\/wp\/v2\/types\/page"}],"author":[{"embeddable":true,"href":"https:\/\/alegriaclinic.com\/es\/wp-json\/wp\/v2\/users\/2"}],"replies":[{"embeddable":true,"href":"https:\/\/alegriaclinic.com\/es\/wp-json\/wp\/v2\/comments?post=2324"}],"version-history":[{"count":1,"href":"https:\/\/alegriaclinic.com\/es\/wp-json\/wp\/v2\/pages\/2324\/revisions"}],"predecessor-version":[{"id":2326,"href":"https:\/\/alegriaclinic.com\/es\/wp-json\/wp\/v2\/pages\/2324\/revisions\/2326"}],"up":[{"embeddable":true,"href":"https:\/\/alegriaclinic.com\/es\/wp-json\/wp\/v2\/pages\/2336"}],"wp:attachment":[{"href":"https:\/\/alegriaclinic.com\/es\/wp-json\/wp\/v2\/media?parent=2324"}],"curies":[{"name":"wp","href":"https:\/\/api.w.org\/{rel}","templated":true}]}}