{"id":2314,"date":"2025-01-16T03:40:21","date_gmt":"2025-01-16T03:40:21","guid":{"rendered":"https:\/\/alegriaclinic.com\/clinica-familiar-alegria-gestion-de-enfermedades-cronicas\/"},"modified":"2025-02-04T21:50:12","modified_gmt":"2025-02-04T21:50:12","slug":"clinica-familiar-alegria-gestion-de-enfermedades-cronicas","status":"publish","type":"page","link":"https:\/\/alegriaclinic.com\/es\/clinica-familiar-alegria\/clinica-familiar-alegria-gestion-de-enfermedades-cronicas\/","title":{"rendered":"Cl\u00ednica Familiar Alegr\u00eda &#8211; Gesti\u00f3n de Enfermedades Cr\u00f3nicas"},"content":{"rendered":"\t\t<div data-elementor-type=\"wp-page\" data-elementor-id=\"2314\" class=\"elementor elementor-2314 elementor-416\" data-elementor-post-type=\"page\">\n\t\t\t\t<div class=\"elementor-element elementor-element-ee244a7 e-flex e-con-boxed e-con e-parent\" data-id=\"ee244a7\" data-element_type=\"container\" data-e-type=\"container\" data-settings=\"{&quot;background_background&quot;:&quot;classic&quot;}\">\n\t\t\t\t\t<div class=\"e-con-inner\">\n\t\t<div class=\"elementor-element elementor-element-92a4070 e-con-full e-flex e-con e-child\" data-id=\"92a4070\" data-element_type=\"container\" data-e-type=\"container\">\n\t\t\t\t<div class=\"elementor-element elementor-element-2f4d6cd elementor-invisible elementor-widget elementor-widget-heading\" data-id=\"2f4d6cd\" data-element_type=\"widget\" data-e-type=\"widget\" data-settings=\"{&quot;_animation&quot;:&quot;fadeIn&quot;,&quot;_animation_delay&quot;:0}\" data-widget_type=\"heading.default\">\n\t\t\t\t<div class=\"elementor-widget-container\">\n\t\t\t\t\t<h1 class=\"elementor-heading-title elementor-size-default\">Gesti\u00f3n de enfermedades cr\u00f3nicas<\/h1>\t\t\t\t<\/div>\n\t\t\t\t<\/div>\n\t\t\t\t<div class=\"elementor-element elementor-element-8ff0f20 elementor-invisible elementor-widget elementor-widget-heading\" data-id=\"8ff0f20\" data-element_type=\"widget\" data-e-type=\"widget\" data-settings=\"{&quot;_animation&quot;:&quot;fadeIn&quot;,&quot;_animation_delay&quot;:100}\" data-widget_type=\"heading.default\">\n\t\t\t\t<div class=\"elementor-widget-container\">\n\t\t\t\t\t<p class=\"elementor-heading-title elementor-size-default\">Conf\u00eda en nosotros para ayudarte a controlar tus enfermedades cr\u00f3nicas con compasi\u00f3n y experiencia.\n<br>\u00a1Visita hoy la Cl\u00ednica Familiar Alegr\u00eda para tomar el control de tu salud!<\/p>\t\t\t\t<\/div>\n\t\t\t\t<\/div>\n\t\t\t\t<\/div>\n\t\t\t\t\t<\/div>\n\t\t\t\t<\/div>\n\t\t<div class=\"elementor-element elementor-element-2b39a33 e-flex e-con-boxed e-con e-parent\" data-id=\"2b39a33\" data-element_type=\"container\" data-e-type=\"container\" data-settings=\"{&quot;background_background&quot;:&quot;classic&quot;}\">\n\t\t\t\t\t<div class=\"e-con-inner\">\n\t\t<div class=\"elementor-element elementor-element-3db80d1 e-con-full e-flex e-con e-child\" data-id=\"3db80d1\" data-element_type=\"container\" data-e-type=\"container\" data-settings=\"{&quot;background_background&quot;:&quot;classic&quot;}\">\n\t\t<div class=\"elementor-element elementor-element-4409f7a e-con-full e-flex e-con e-child\" data-id=\"4409f7a\" data-element_type=\"container\" data-e-type=\"container\">\n\t\t\t\t<div class=\"elementor-element elementor-element-83624d7 elementor-align-center elementor-widget elementor-widget-breadcrumbs\" data-id=\"83624d7\" data-element_type=\"widget\" data-e-type=\"widget\" data-widget_type=\"breadcrumbs.default\">\n\t\t\t\t<div class=\"elementor-widget-container\">\n\t\t\t\t\t<p id=\"breadcrumbs\"><span><span><a href=\"https:\/\/alegriaclinic.com\/es\/\">Home<\/a><\/span><\/span><\/p>\t\t\t\t<\/div>\n\t\t\t\t<\/div>\n\t\t\t\t<\/div>\n\t\t<div class=\"elementor-element elementor-element-6b140bf e-con-full e-flex e-con e-child\" data-id=\"6b140bf\" data-element_type=\"container\" data-e-type=\"container\">\n\t\t<div class=\"elementor-element elementor-element-0997d2f e-con-full e-flex e-con e-child\" data-id=\"0997d2f\" data-element_type=\"container\" data-e-type=\"container\">\n\t\t\t\t<div class=\"elementor-element elementor-element-0109832 elementor-invisible elementor-widget elementor-widget-heading\" data-id=\"0109832\" data-element_type=\"widget\" data-e-type=\"widget\" data-settings=\"{&quot;_animation&quot;:&quot;fadeIn&quot;,&quot;_animation_delay&quot;:0}\" data-widget_type=\"heading.default\">\n\t\t\t\t<div class=\"elementor-widget-container\">\n\t\t\t\t\t<h3 class=\"elementor-heading-title elementor-size-default\">Nuestro enfoque:<\/h3>\t\t\t\t<\/div>\n\t\t\t\t<\/div>\n\t\t\t\t<div class=\"elementor-element elementor-element-a437cca elementor-invisible elementor-widget elementor-widget-heading\" data-id=\"a437cca\" data-element_type=\"widget\" data-e-type=\"widget\" data-settings=\"{&quot;_animation&quot;:&quot;fadeIn&quot;,&quot;_animation_delay&quot;:100}\" data-widget_type=\"heading.default\">\n\t\t\t\t<div class=\"elementor-widget-container\">\n\t\t\t\t\t<p class=\"elementor-heading-title elementor-size-default\">Ofrecemos atenci\u00f3n especializada para ayudar a controlar y mejorar las enfermedades cr\u00f3nicas.\n<br><ul>\n<li>Diabetes: Creamos planes de tratamiento personalizados destinados a controlar los niveles de az\u00facar en sangre y prevenir las complicaciones a largo plazo.<\/li>\n<li>Hipertensi\u00f3n arterial: Nuestro equipo desarrolla estrategias integrales para controlar y mantener una tensi\u00f3n arterial sana, reduciendo el riesgo de enfermedades cardiovasculares.<\/li>\n<li>Trastornos tiroideos: Mediante una atenci\u00f3n espec\u00edfica, ayudamos a restablecer el equilibrio tiroideo y a aliviar los s\u00edntomas para mejorar la calidad de vida.<\/li>\n<li>Colesterol alto: Proporcionamos soluciones eficaces para ayudar a controlar los niveles de colesterol y reducir el riesgo de enfermedades cardiacas.\n<\/li>\n<li>Asma y EPOC: Nuestros tratamientos se centran en mejorar la funci\u00f3n pulmonar y controlar los s\u00edntomas para garantizar una mejor respiraci\u00f3n y una mayor calidad de vida.<\/li>\n<li>Artritis: Trabajamos contigo para desarrollar planes personalizados que alivien el dolor, mejoren la movilidad articular y aumenten la movilidad general.\n<\/li>\n<li>Obesidad: Nuestros programas de control de peso est\u00e1n adaptados para ayudarte a conseguir objetivos de salud a largo plazo y un estilo de vida m\u00e1s activo.\n<\/li>\n<\/ul>\n<br>\nCuenta con nosotros para una atenci\u00f3n compasiva y profesional en el tratamiento de tus enfermedades cr\u00f3nicas. \u00a1Tu salud es nuestra prioridad! <\/p>\t\t\t\t<\/div>\n\t\t\t\t<\/div>\n\t\t\t\t<\/div>\n\t\t<div class=\"elementor-element elementor-element-f237dd0 e-con-full e-flex e-con e-child\" data-id=\"f237dd0\" data-element_type=\"container\" data-e-type=\"container\">\n\t\t\t\t<div class=\"elementor-element elementor-element-5924c06 elementor-invisible elementor-widget elementor-widget-image\" data-id=\"5924c06\" data-element_type=\"widget\" data-e-type=\"widget\" data-settings=\"{&quot;_animation&quot;:&quot;fadeIn&quot;,&quot;_animation_delay&quot;:300}\" data-widget_type=\"image.default\">\n\t\t\t\t<div class=\"elementor-widget-container\">\n\t\t\t\t\t\t\t\t\t\t\t\t\t\t\t<img fetchpriority=\"high\" decoding=\"async\" width=\"603\" height=\"574\" src=\"https:\/\/alegriaclinic.com\/wp-content\/uploads\/2025\/01\/image-chronic-disease.jpg\" class=\"attachment-large size-large wp-image-2240\" alt=\"\" srcset=\"https:\/\/alegriaclinic.com\/wp-content\/uploads\/2025\/01\/image-chronic-disease.jpg 603w, https:\/\/alegriaclinic.com\/wp-content\/uploads\/2025\/01\/image-chronic-disease-300x286.jpg 300w\" sizes=\"(max-width: 603px) 100vw, 603px\" \/>\t\t\t\t\t\t\t\t\t\t\t\t\t\t\t<\/div>\n\t\t\t\t<\/div>\n\t\t\t\t<\/div>\n\t\t\t\t<\/div>\n\t\t\t\t<\/div>\n\t\t\t\t\t<\/div>\n\t\t\t\t<\/div>\n\t\t\t\t<\/div>\n\t\t","protected":false},"excerpt":{"rendered":"<p>Gesti\u00f3n de enfermedades cr\u00f3nicas Conf\u00eda en nosotros para ayudarte a controlar tus enfermedades cr\u00f3nicas con compasi\u00f3n y experiencia. \u00a1Visita hoy la Cl\u00ednica Familiar Alegr\u00eda para tomar el control de tu salud! Nuestro enfoque: Ofrecemos atenci\u00f3n especializada para ayudar a controlar y mejorar las enfermedades cr\u00f3nicas. Diabetes: Creamos planes de tratamiento personalizados destinados a controlar los [&hellip;]<\/p>\n","protected":false},"author":2,"featured_media":0,"parent":2336,"menu_order":0,"comment_status":"closed","ping_status":"closed","template":"","meta":{"footnotes":""},"class_list":["post-2314","page","type-page","status-publish","hentry"],"yoast_head":"<!-- This site is optimized with the Yoast SEO plugin v27.4 - https:\/\/yoast.com\/product\/yoast-seo-wordpress\/ -->\n<title>Cl\u00ednica Familiar Alegr\u00eda - Gesti\u00f3n de Enfermedades Cr\u00f3nicas - Alegria Clinic<\/title>\n<meta name=\"robots\" content=\"index, follow, max-snippet:-1, max-image-preview:large, max-video-preview:-1\" \/>\n<link rel=\"canonical\" href=\"https:\/\/alegriaclinic.com\/es\/clinica-familiar-alegria\/clinica-familiar-alegria-gestion-de-enfermedades-cronicas\/\" \/>\n<meta property=\"og:locale\" content=\"es_ES\" \/>\n<meta property=\"og:type\" content=\"article\" \/>\n<meta property=\"og:title\" content=\"Cl\u00ednica Familiar Alegr\u00eda - Gesti\u00f3n de Enfermedades Cr\u00f3nicas - Alegria Clinic\" \/>\n<meta property=\"og:description\" content=\"Gesti\u00f3n de enfermedades cr\u00f3nicas Conf\u00eda en nosotros para ayudarte a controlar tus enfermedades cr\u00f3nicas con compasi\u00f3n y experiencia. \u00a1Visita hoy la Cl\u00ednica Familiar Alegr\u00eda para tomar el control de tu salud! Nuestro enfoque: Ofrecemos atenci\u00f3n especializada para ayudar a controlar y mejorar las enfermedades cr\u00f3nicas. Diabetes: Creamos planes de tratamiento personalizados destinados a controlar los [&hellip;]\" \/>\n<meta property=\"og:url\" content=\"https:\/\/alegriaclinic.com\/es\/clinica-familiar-alegria\/clinica-familiar-alegria-gestion-de-enfermedades-cronicas\/\" \/>\n<meta property=\"og:site_name\" content=\"Alegria Clinic\" \/>\n<meta property=\"article:modified_time\" content=\"2025-02-04T21:50:12+00:00\" \/>\n<meta property=\"og:image\" content=\"https:\/\/alegriaclinic.com\/wp-content\/uploads\/2025\/01\/image-chronic-disease.jpg\" \/>\n\t<meta property=\"og:image:width\" content=\"603\" \/>\n\t<meta property=\"og:image:height\" content=\"574\" \/>\n\t<meta property=\"og:image:type\" content=\"image\/jpeg\" \/>\n<meta name=\"twitter:card\" content=\"summary_large_image\" \/>\n<meta name=\"twitter:label1\" content=\"Tiempo de lectura\" \/>\n\t<meta name=\"twitter:data1\" content=\"1 minuto\" \/>\n<script type=\"application\/ld+json\" class=\"yoast-schema-graph\">{\"@context\":\"https:\\\/\\\/schema.org\",\"@graph\":[{\"@type\":\"WebPage\",\"@id\":\"https:\\\/\\\/alegriaclinic.com\\\/es\\\/clinica-familiar-alegria\\\/clinica-familiar-alegria-gestion-de-enfermedades-cronicas\\\/\",\"url\":\"https:\\\/\\\/alegriaclinic.com\\\/es\\\/clinica-familiar-alegria\\\/clinica-familiar-alegria-gestion-de-enfermedades-cronicas\\\/\",\"name\":\"Cl\u00ednica Familiar Alegr\u00eda - Gesti\u00f3n de Enfermedades Cr\u00f3nicas - Alegria Clinic\",\"isPartOf\":{\"@id\":\"https:\\\/\\\/alegriaclinic.com\\\/es\\\/#website\"},\"primaryImageOfPage\":{\"@id\":\"https:\\\/\\\/alegriaclinic.com\\\/es\\\/clinica-familiar-alegria\\\/clinica-familiar-alegria-gestion-de-enfermedades-cronicas\\\/#primaryimage\"},\"image\":{\"@id\":\"https:\\\/\\\/alegriaclinic.com\\\/es\\\/clinica-familiar-alegria\\\/clinica-familiar-alegria-gestion-de-enfermedades-cronicas\\\/#primaryimage\"},\"thumbnailUrl\":\"https:\\\/\\\/alegriaclinic.com\\\/wp-content\\\/uploads\\\/2025\\\/01\\\/image-chronic-disease.jpg\",\"datePublished\":\"2025-01-16T03:40:21+00:00\",\"dateModified\":\"2025-02-04T21:50:12+00:00\",\"breadcrumb\":{\"@id\":\"https:\\\/\\\/alegriaclinic.com\\\/es\\\/clinica-familiar-alegria\\\/clinica-familiar-alegria-gestion-de-enfermedades-cronicas\\\/#breadcrumb\"},\"inLanguage\":\"es\",\"potentialAction\":[{\"@type\":\"ReadAction\",\"target\":[\"https:\\\/\\\/alegriaclinic.com\\\/es\\\/clinica-familiar-alegria\\\/clinica-familiar-alegria-gestion-de-enfermedades-cronicas\\\/\"]}]},{\"@type\":\"ImageObject\",\"inLanguage\":\"es\",\"@id\":\"https:\\\/\\\/alegriaclinic.com\\\/es\\\/clinica-familiar-alegria\\\/clinica-familiar-alegria-gestion-de-enfermedades-cronicas\\\/#primaryimage\",\"url\":\"https:\\\/\\\/alegriaclinic.com\\\/wp-content\\\/uploads\\\/2025\\\/01\\\/image-chronic-disease.jpg\",\"contentUrl\":\"https:\\\/\\\/alegriaclinic.com\\\/wp-content\\\/uploads\\\/2025\\\/01\\\/image-chronic-disease.jpg\"},{\"@type\":\"BreadcrumbList\",\"@id\":\"https:\\\/\\\/alegriaclinic.com\\\/es\\\/clinica-familiar-alegria\\\/clinica-familiar-alegria-gestion-de-enfermedades-cronicas\\\/#breadcrumb\",\"itemListElement\":[{\"@type\":\"ListItem\",\"position\":1,\"name\":\"Home\",\"item\":\"https:\\\/\\\/alegriaclinic.com\\\/es\\\/\"},{\"@type\":\"ListItem\",\"position\":2,\"name\":\"Alegria Family Clinic &#8211; Espa\u00f1ol\",\"item\":\"https:\\\/\\\/alegriaclinic.com\\\/es\\\/alegria-family-clinic\\\/\"},{\"@type\":\"ListItem\",\"position\":3,\"name\":\"Cl\u00ednica Familiar Alegr\u00eda &#8211; Gesti\u00f3n de Enfermedades Cr\u00f3nicas\"}]},{\"@type\":\"WebSite\",\"@id\":\"https:\\\/\\\/alegriaclinic.com\\\/es\\\/#website\",\"url\":\"https:\\\/\\\/alegriaclinic.com\\\/es\\\/\",\"name\":\"Alegria Clinic\",\"description\":\"\",\"publisher\":{\"@id\":\"https:\\\/\\\/alegriaclinic.com\\\/es\\\/#organization\"},\"potentialAction\":[{\"@type\":\"SearchAction\",\"target\":{\"@type\":\"EntryPoint\",\"urlTemplate\":\"https:\\\/\\\/alegriaclinic.com\\\/es\\\/?s={search_term_string}\"},\"query-input\":{\"@type\":\"PropertyValueSpecification\",\"valueRequired\":true,\"valueName\":\"search_term_string\"}}],\"inLanguage\":\"es\"},{\"@type\":\"Organization\",\"@id\":\"https:\\\/\\\/alegriaclinic.com\\\/es\\\/#organization\",\"name\":\"Alegria Clinic\",\"url\":\"https:\\\/\\\/alegriaclinic.com\\\/es\\\/\",\"logo\":{\"@type\":\"ImageObject\",\"inLanguage\":\"es\",\"@id\":\"https:\\\/\\\/alegriaclinic.com\\\/es\\\/#\\\/schema\\\/logo\\\/image\\\/\",\"url\":\"https:\\\/\\\/alegriaclinic.com\\\/wp-content\\\/uploads\\\/2025\\\/01\\\/logo.png\",\"contentUrl\":\"https:\\\/\\\/alegriaclinic.com\\\/wp-content\\\/uploads\\\/2025\\\/01\\\/logo.png\",\"width\":100,\"height\":105,\"caption\":\"Alegria Clinic\"},\"image\":{\"@id\":\"https:\\\/\\\/alegriaclinic.com\\\/es\\\/#\\\/schema\\\/logo\\\/image\\\/\"}}]}<\/script>\n<!-- \/ Yoast SEO plugin. -->","yoast_head_json":{"title":"Cl\u00ednica Familiar Alegr\u00eda - Gesti\u00f3n de Enfermedades Cr\u00f3nicas - Alegria Clinic","robots":{"index":"index","follow":"follow","max-snippet":"max-snippet:-1","max-image-preview":"max-image-preview:large","max-video-preview":"max-video-preview:-1"},"canonical":"https:\/\/alegriaclinic.com\/es\/clinica-familiar-alegria\/clinica-familiar-alegria-gestion-de-enfermedades-cronicas\/","og_locale":"es_ES","og_type":"article","og_title":"Cl\u00ednica Familiar Alegr\u00eda - Gesti\u00f3n de Enfermedades Cr\u00f3nicas - Alegria Clinic","og_description":"Gesti\u00f3n de enfermedades cr\u00f3nicas Conf\u00eda en nosotros para ayudarte a controlar tus enfermedades cr\u00f3nicas con compasi\u00f3n y experiencia. \u00a1Visita hoy la Cl\u00ednica Familiar Alegr\u00eda para tomar el control de tu salud! Nuestro enfoque: Ofrecemos atenci\u00f3n especializada para ayudar a controlar y mejorar las enfermedades cr\u00f3nicas. Diabetes: Creamos planes de tratamiento personalizados destinados a controlar los [&hellip;]","og_url":"https:\/\/alegriaclinic.com\/es\/clinica-familiar-alegria\/clinica-familiar-alegria-gestion-de-enfermedades-cronicas\/","og_site_name":"Alegria Clinic","article_modified_time":"2025-02-04T21:50:12+00:00","og_image":[{"width":603,"height":574,"url":"https:\/\/alegriaclinic.com\/wp-content\/uploads\/2025\/01\/image-chronic-disease.jpg","type":"image\/jpeg"}],"twitter_card":"summary_large_image","twitter_misc":{"Tiempo de lectura":"1 minuto"},"schema":{"@context":"https:\/\/schema.org","@graph":[{"@type":"WebPage","@id":"https:\/\/alegriaclinic.com\/es\/clinica-familiar-alegria\/clinica-familiar-alegria-gestion-de-enfermedades-cronicas\/","url":"https:\/\/alegriaclinic.com\/es\/clinica-familiar-alegria\/clinica-familiar-alegria-gestion-de-enfermedades-cronicas\/","name":"Cl\u00ednica Familiar Alegr\u00eda - Gesti\u00f3n de Enfermedades Cr\u00f3nicas - Alegria Clinic","isPartOf":{"@id":"https:\/\/alegriaclinic.com\/es\/#website"},"primaryImageOfPage":{"@id":"https:\/\/alegriaclinic.com\/es\/clinica-familiar-alegria\/clinica-familiar-alegria-gestion-de-enfermedades-cronicas\/#primaryimage"},"image":{"@id":"https:\/\/alegriaclinic.com\/es\/clinica-familiar-alegria\/clinica-familiar-alegria-gestion-de-enfermedades-cronicas\/#primaryimage"},"thumbnailUrl":"https:\/\/alegriaclinic.com\/wp-content\/uploads\/2025\/01\/image-chronic-disease.jpg","datePublished":"2025-01-16T03:40:21+00:00","dateModified":"2025-02-04T21:50:12+00:00","breadcrumb":{"@id":"https:\/\/alegriaclinic.com\/es\/clinica-familiar-alegria\/clinica-familiar-alegria-gestion-de-enfermedades-cronicas\/#breadcrumb"},"inLanguage":"es","potentialAction":[{"@type":"ReadAction","target":["https:\/\/alegriaclinic.com\/es\/clinica-familiar-alegria\/clinica-familiar-alegria-gestion-de-enfermedades-cronicas\/"]}]},{"@type":"ImageObject","inLanguage":"es","@id":"https:\/\/alegriaclinic.com\/es\/clinica-familiar-alegria\/clinica-familiar-alegria-gestion-de-enfermedades-cronicas\/#primaryimage","url":"https:\/\/alegriaclinic.com\/wp-content\/uploads\/2025\/01\/image-chronic-disease.jpg","contentUrl":"https:\/\/alegriaclinic.com\/wp-content\/uploads\/2025\/01\/image-chronic-disease.jpg"},{"@type":"BreadcrumbList","@id":"https:\/\/alegriaclinic.com\/es\/clinica-familiar-alegria\/clinica-familiar-alegria-gestion-de-enfermedades-cronicas\/#breadcrumb","itemListElement":[{"@type":"ListItem","position":1,"name":"Home","item":"https:\/\/alegriaclinic.com\/es\/"},{"@type":"ListItem","position":2,"name":"Alegria Family Clinic &#8211; Espa\u00f1ol","item":"https:\/\/alegriaclinic.com\/es\/alegria-family-clinic\/"},{"@type":"ListItem","position":3,"name":"Cl\u00ednica Familiar Alegr\u00eda &#8211; Gesti\u00f3n de Enfermedades Cr\u00f3nicas"}]},{"@type":"WebSite","@id":"https:\/\/alegriaclinic.com\/es\/#website","url":"https:\/\/alegriaclinic.com\/es\/","name":"Alegria Clinic","description":"","publisher":{"@id":"https:\/\/alegriaclinic.com\/es\/#organization"},"potentialAction":[{"@type":"SearchAction","target":{"@type":"EntryPoint","urlTemplate":"https:\/\/alegriaclinic.com\/es\/?s={search_term_string}"},"query-input":{"@type":"PropertyValueSpecification","valueRequired":true,"valueName":"search_term_string"}}],"inLanguage":"es"},{"@type":"Organization","@id":"https:\/\/alegriaclinic.com\/es\/#organization","name":"Alegria Clinic","url":"https:\/\/alegriaclinic.com\/es\/","logo":{"@type":"ImageObject","inLanguage":"es","@id":"https:\/\/alegriaclinic.com\/es\/#\/schema\/logo\/image\/","url":"https:\/\/alegriaclinic.com\/wp-content\/uploads\/2025\/01\/logo.png","contentUrl":"https:\/\/alegriaclinic.com\/wp-content\/uploads\/2025\/01\/logo.png","width":100,"height":105,"caption":"Alegria Clinic"},"image":{"@id":"https:\/\/alegriaclinic.com\/es\/#\/schema\/logo\/image\/"}}]}},"_links":{"self":[{"href":"https:\/\/alegriaclinic.com\/es\/wp-json\/wp\/v2\/pages\/2314","targetHints":{"allow":["GET"]}}],"collection":[{"href":"https:\/\/alegriaclinic.com\/es\/wp-json\/wp\/v2\/pages"}],"about":[{"href":"https:\/\/alegriaclinic.com\/es\/wp-json\/wp\/v2\/types\/page"}],"author":[{"embeddable":true,"href":"https:\/\/alegriaclinic.com\/es\/wp-json\/wp\/v2\/users\/2"}],"replies":[{"embeddable":true,"href":"https:\/\/alegriaclinic.com\/es\/wp-json\/wp\/v2\/comments?post=2314"}],"version-history":[{"count":1,"href":"https:\/\/alegriaclinic.com\/es\/wp-json\/wp\/v2\/pages\/2314\/revisions"}],"predecessor-version":[{"id":2321,"href":"https:\/\/alegriaclinic.com\/es\/wp-json\/wp\/v2\/pages\/2314\/revisions\/2321"}],"up":[{"embeddable":true,"href":"https:\/\/alegriaclinic.com\/es\/wp-json\/wp\/v2\/pages\/2336"}],"wp:attachment":[{"href":"https:\/\/alegriaclinic.com\/es\/wp-json\/wp\/v2\/media?parent=2314"}],"curies":[{"name":"wp","href":"https:\/\/api.w.org\/{rel}","templated":true}]}}