{"id":2311,"date":"2025-01-15T20:11:32","date_gmt":"2025-01-15T20:11:32","guid":{"rendered":"https:\/\/alegriaclinic.com\/reserva-ahora\/"},"modified":"2025-06-19T14:30:22","modified_gmt":"2025-06-19T14:30:22","slug":"reserva-ahora","status":"publish","type":"page","link":"https:\/\/alegriaclinic.com\/es\/reserva-ahora\/","title":{"rendered":"Reserva ahora"},"content":{"rendered":"\t\t<div data-elementor-type=\"wp-page\" data-elementor-id=\"2311\" class=\"elementor elementor-2311 elementor-163\" data-elementor-post-type=\"page\">\n\t\t\t\t<div class=\"elementor-element elementor-element-ee244a7 e-flex e-con-boxed e-con e-parent\" data-id=\"ee244a7\" data-element_type=\"container\" data-e-type=\"container\" data-settings=\"{&quot;background_background&quot;:&quot;classic&quot;}\">\n\t\t\t\t\t<div class=\"e-con-inner\">\n\t\t<div class=\"elementor-element elementor-element-92a4070 e-con-full e-flex e-con e-child\" data-id=\"92a4070\" data-element_type=\"container\" data-e-type=\"container\">\n\t\t\t\t<div class=\"elementor-element elementor-element-2f4d6cd elementor-invisible elementor-widget elementor-widget-heading\" data-id=\"2f4d6cd\" data-element_type=\"widget\" data-e-type=\"widget\" data-settings=\"{&quot;_animation&quot;:&quot;fadeIn&quot;,&quot;_animation_delay&quot;:0}\" data-widget_type=\"heading.default\">\n\t\t\t\t<div class=\"elementor-widget-container\">\n\t\t\t\t\t<h1 class=\"elementor-heading-title elementor-size-default\">Reserva ahora<\/h1>\t\t\t\t<\/div>\n\t\t\t\t<\/div>\n\t\t\t\t<div class=\"elementor-element elementor-element-8ff0f20 elementor-invisible elementor-widget elementor-widget-heading\" data-id=\"8ff0f20\" data-element_type=\"widget\" data-e-type=\"widget\" data-settings=\"{&quot;_animation&quot;:&quot;fadeIn&quot;,&quot;_animation_delay&quot;:0}\" data-widget_type=\"heading.default\">\n\t\t\t\t<div class=\"elementor-widget-container\">\n\t\t\t\t\t<p class=\"elementor-heading-title elementor-size-default\">Nuestro equipo de expertos est\u00e1 aqu\u00ed para guiarte en cada paso del camino, proporcion\u00e1ndote soluciones a medida para satisfacer tus necesidades \u00fanicas.<\/p>\t\t\t\t<\/div>\n\t\t\t\t<\/div>\n\t\t\t\t<\/div>\n\t\t\t\t\t<\/div>\n\t\t\t\t<\/div>\n\t\t<div class=\"elementor-element elementor-element-2b39a33 e-flex e-con-boxed e-con e-parent\" data-id=\"2b39a33\" data-element_type=\"container\" data-e-type=\"container\" data-settings=\"{&quot;background_background&quot;:&quot;classic&quot;}\">\n\t\t\t\t\t<div class=\"e-con-inner\">\n\t\t<div class=\"elementor-element elementor-element-3db80d1 e-con-full e-flex e-con e-child\" data-id=\"3db80d1\" data-element_type=\"container\" data-e-type=\"container\" data-settings=\"{&quot;background_background&quot;:&quot;classic&quot;}\">\n\t\t<div class=\"elementor-element elementor-element-223b8e1 e-con-full e-flex e-con e-child\" data-id=\"223b8e1\" data-element_type=\"container\" data-e-type=\"container\">\n\t\t\t\t<div class=\"elementor-element elementor-element-b81f50d elementor-align-center elementor-widget elementor-widget-breadcrumbs\" data-id=\"b81f50d\" data-element_type=\"widget\" data-e-type=\"widget\" data-widget_type=\"breadcrumbs.default\">\n\t\t\t\t<div class=\"elementor-widget-container\">\n\t\t\t\t\t<p id=\"breadcrumbs\"><span><span><a href=\"https:\/\/alegriaclinic.com\/es\/\">Home<\/a><\/span><\/span><\/p>\t\t\t\t<\/div>\n\t\t\t\t<\/div>\n\t\t\t\t<\/div>\n\t\t\t\t<div class=\"elementor-element elementor-element-942ffee elementor-widget elementor-widget-heading\" data-id=\"942ffee\" data-element_type=\"widget\" data-e-type=\"widget\" data-widget_type=\"heading.default\">\n\t\t\t\t<div class=\"elementor-widget-container\">\n\t\t\t\t\t<h2 class=\"elementor-heading-title elementor-size-default\">Reserva hoy tu cita<\/h2>\t\t\t\t<\/div>\n\t\t\t\t<\/div>\n\t\t\t\t<div class=\"elementor-element elementor-element-a4201d4 elementor-widget elementor-widget-html\" data-id=\"a4201d4\" data-element_type=\"widget\" data-e-type=\"widget\" data-widget_type=\"html.default\">\n\t\t\t\t<div class=\"elementor-widget-container\">\n\t\t\t\t\t\n\n  \n    <meta charset=\"utf-8\">\n    <meta name=\"viewport\" content=\"width=anchura-dispositivo, initial-scale=1\">\n    <meta name=\"theme-color\" content=\"#000000\">\n    <meta name=\"OnlineBooking\" content=\"ejemplo-valor\">\n    <title>Reserva en l\u00ednea<\/title>\n    <script src=\"OnlineBooking.min.js\"><\/script>\n  \n  \n    <iframe id=\"frame\" style=\"  position: relative; top: 0; right: 0; bottom: 0; left: 0; border: none;  \" height=\"560\" width=\"100%\" title=\"Reserva en l\u00ednea\"><\/iframe>\n    <script>\n      const cd = {\n        ti: \"NDNkYTliZGEtYzM1ZC00ZjcyLThiYjMtYTEzN2FlNTllMTE2\",\n        eu: \"https:\/\/signin.boomerangfx.com\/online-booking\",\n        sk: \"YjM5MTliNDYtYWY2Yi00MDYzLThkM2ItY2QxYWM2NGZiYjlk\"\n      };\n \n      const generateUrl = () => `${cd.eu}?ci=${cd.ti}&sk=${cd.sk}`;\n \n      window.onload = function () {\n        document.getElementById(\"frame\").src = generateUrl();\n      };\n    <\/script>\n  \n\n<style>\n@media only screen and (max-width: 768px) {\n  #frame {height:950px!important;}\n}\n\n\n    \n<\/style>\n\n\t\t\t\t<\/div>\n\t\t\t\t<\/div>\n\t\t\t\t<\/div>\n\t\t\t\t\t<\/div>\n\t\t\t\t<\/div>\n\t\t\t\t<\/div>\n\t\t","protected":false},"excerpt":{"rendered":"<p>Reserva ahora Nuestro equipo de expertos est\u00e1 aqu\u00ed para guiarte en cada paso del camino, proporcion\u00e1ndote soluciones a medida para satisfacer tus necesidades \u00fanicas. Reserva hoy tu cita Reserva en l\u00ednea<\/p>\n","protected":false},"author":2,"featured_media":0,"parent":0,"menu_order":0,"comment_status":"closed","ping_status":"closed","template":"","meta":{"footnotes":""},"class_list":["post-2311","page","type-page","status-publish","hentry"],"yoast_head":"<!-- This site is optimized with the Yoast SEO plugin v27.4 - https:\/\/yoast.com\/product\/yoast-seo-wordpress\/ -->\n<title>Reserva ahora - Alegria Clinic<\/title>\n<meta name=\"robots\" content=\"index, follow, max-snippet:-1, max-image-preview:large, max-video-preview:-1\" \/>\n<link rel=\"canonical\" href=\"https:\/\/alegriaclinic.com\/es\/reserva-ahora\/\" \/>\n<meta property=\"og:locale\" content=\"es_ES\" \/>\n<meta property=\"og:type\" content=\"article\" \/>\n<meta property=\"og:title\" content=\"Reserva ahora - Alegria Clinic\" \/>\n<meta property=\"og:description\" content=\"Reserva ahora Nuestro equipo de expertos est\u00e1 aqu\u00ed para guiarte en cada paso del camino, proporcion\u00e1ndote soluciones a medida para satisfacer tus necesidades \u00fanicas. Reserva hoy tu cita Reserva en l\u00ednea\" \/>\n<meta property=\"og:url\" content=\"https:\/\/alegriaclinic.com\/es\/reserva-ahora\/\" \/>\n<meta property=\"og:site_name\" content=\"Alegria Clinic\" \/>\n<meta property=\"article:modified_time\" content=\"2025-06-19T14:30:22+00:00\" \/>\n<meta name=\"twitter:card\" content=\"summary_large_image\" \/>\n<meta name=\"twitter:label1\" content=\"Tiempo de lectura\" \/>\n\t<meta name=\"twitter:data1\" content=\"1 minuto\" \/>\n<script type=\"application\/ld+json\" class=\"yoast-schema-graph\">{\"@context\":\"https:\\\/\\\/schema.org\",\"@graph\":[{\"@type\":\"WebPage\",\"@id\":\"https:\\\/\\\/alegriaclinic.com\\\/es\\\/reserva-ahora\\\/\",\"url\":\"https:\\\/\\\/alegriaclinic.com\\\/es\\\/reserva-ahora\\\/\",\"name\":\"Reserva ahora - Alegria Clinic\",\"isPartOf\":{\"@id\":\"https:\\\/\\\/alegriaclinic.com\\\/es\\\/#website\"},\"datePublished\":\"2025-01-15T20:11:32+00:00\",\"dateModified\":\"2025-06-19T14:30:22+00:00\",\"breadcrumb\":{\"@id\":\"https:\\\/\\\/alegriaclinic.com\\\/es\\\/reserva-ahora\\\/#breadcrumb\"},\"inLanguage\":\"es\",\"potentialAction\":[{\"@type\":\"ReadAction\",\"target\":[\"https:\\\/\\\/alegriaclinic.com\\\/es\\\/reserva-ahora\\\/\"]}]},{\"@type\":\"BreadcrumbList\",\"@id\":\"https:\\\/\\\/alegriaclinic.com\\\/es\\\/reserva-ahora\\\/#breadcrumb\",\"itemListElement\":[{\"@type\":\"ListItem\",\"position\":1,\"name\":\"Home\",\"item\":\"https:\\\/\\\/alegriaclinic.com\\\/es\\\/\"},{\"@type\":\"ListItem\",\"position\":2,\"name\":\"Reserva ahora\"}]},{\"@type\":\"WebSite\",\"@id\":\"https:\\\/\\\/alegriaclinic.com\\\/es\\\/#website\",\"url\":\"https:\\\/\\\/alegriaclinic.com\\\/es\\\/\",\"name\":\"Alegria Clinic\",\"description\":\"\",\"publisher\":{\"@id\":\"https:\\\/\\\/alegriaclinic.com\\\/es\\\/#organization\"},\"potentialAction\":[{\"@type\":\"SearchAction\",\"target\":{\"@type\":\"EntryPoint\",\"urlTemplate\":\"https:\\\/\\\/alegriaclinic.com\\\/es\\\/?s={search_term_string}\"},\"query-input\":{\"@type\":\"PropertyValueSpecification\",\"valueRequired\":true,\"valueName\":\"search_term_string\"}}],\"inLanguage\":\"es\"},{\"@type\":\"Organization\",\"@id\":\"https:\\\/\\\/alegriaclinic.com\\\/es\\\/#organization\",\"name\":\"Alegria Clinic\",\"url\":\"https:\\\/\\\/alegriaclinic.com\\\/es\\\/\",\"logo\":{\"@type\":\"ImageObject\",\"inLanguage\":\"es\",\"@id\":\"https:\\\/\\\/alegriaclinic.com\\\/es\\\/#\\\/schema\\\/logo\\\/image\\\/\",\"url\":\"https:\\\/\\\/alegriaclinic.com\\\/wp-content\\\/uploads\\\/2025\\\/01\\\/logo.png\",\"contentUrl\":\"https:\\\/\\\/alegriaclinic.com\\\/wp-content\\\/uploads\\\/2025\\\/01\\\/logo.png\",\"width\":100,\"height\":105,\"caption\":\"Alegria Clinic\"},\"image\":{\"@id\":\"https:\\\/\\\/alegriaclinic.com\\\/es\\\/#\\\/schema\\\/logo\\\/image\\\/\"}}]}<\/script>\n<!-- \/ Yoast SEO plugin. -->","yoast_head_json":{"title":"Reserva ahora - Alegria Clinic","robots":{"index":"index","follow":"follow","max-snippet":"max-snippet:-1","max-image-preview":"max-image-preview:large","max-video-preview":"max-video-preview:-1"},"canonical":"https:\/\/alegriaclinic.com\/es\/reserva-ahora\/","og_locale":"es_ES","og_type":"article","og_title":"Reserva ahora - Alegria Clinic","og_description":"Reserva ahora Nuestro equipo de expertos est\u00e1 aqu\u00ed para guiarte en cada paso del camino, proporcion\u00e1ndote soluciones a medida para satisfacer tus necesidades \u00fanicas. Reserva hoy tu cita Reserva en l\u00ednea","og_url":"https:\/\/alegriaclinic.com\/es\/reserva-ahora\/","og_site_name":"Alegria Clinic","article_modified_time":"2025-06-19T14:30:22+00:00","twitter_card":"summary_large_image","twitter_misc":{"Tiempo de lectura":"1 minuto"},"schema":{"@context":"https:\/\/schema.org","@graph":[{"@type":"WebPage","@id":"https:\/\/alegriaclinic.com\/es\/reserva-ahora\/","url":"https:\/\/alegriaclinic.com\/es\/reserva-ahora\/","name":"Reserva ahora - Alegria Clinic","isPartOf":{"@id":"https:\/\/alegriaclinic.com\/es\/#website"},"datePublished":"2025-01-15T20:11:32+00:00","dateModified":"2025-06-19T14:30:22+00:00","breadcrumb":{"@id":"https:\/\/alegriaclinic.com\/es\/reserva-ahora\/#breadcrumb"},"inLanguage":"es","potentialAction":[{"@type":"ReadAction","target":["https:\/\/alegriaclinic.com\/es\/reserva-ahora\/"]}]},{"@type":"BreadcrumbList","@id":"https:\/\/alegriaclinic.com\/es\/reserva-ahora\/#breadcrumb","itemListElement":[{"@type":"ListItem","position":1,"name":"Home","item":"https:\/\/alegriaclinic.com\/es\/"},{"@type":"ListItem","position":2,"name":"Reserva ahora"}]},{"@type":"WebSite","@id":"https:\/\/alegriaclinic.com\/es\/#website","url":"https:\/\/alegriaclinic.com\/es\/","name":"Alegria Clinic","description":"","publisher":{"@id":"https:\/\/alegriaclinic.com\/es\/#organization"},"potentialAction":[{"@type":"SearchAction","target":{"@type":"EntryPoint","urlTemplate":"https:\/\/alegriaclinic.com\/es\/?s={search_term_string}"},"query-input":{"@type":"PropertyValueSpecification","valueRequired":true,"valueName":"search_term_string"}}],"inLanguage":"es"},{"@type":"Organization","@id":"https:\/\/alegriaclinic.com\/es\/#organization","name":"Alegria Clinic","url":"https:\/\/alegriaclinic.com\/es\/","logo":{"@type":"ImageObject","inLanguage":"es","@id":"https:\/\/alegriaclinic.com\/es\/#\/schema\/logo\/image\/","url":"https:\/\/alegriaclinic.com\/wp-content\/uploads\/2025\/01\/logo.png","contentUrl":"https:\/\/alegriaclinic.com\/wp-content\/uploads\/2025\/01\/logo.png","width":100,"height":105,"caption":"Alegria Clinic"},"image":{"@id":"https:\/\/alegriaclinic.com\/es\/#\/schema\/logo\/image\/"}}]}},"_links":{"self":[{"href":"https:\/\/alegriaclinic.com\/es\/wp-json\/wp\/v2\/pages\/2311","targetHints":{"allow":["GET"]}}],"collection":[{"href":"https:\/\/alegriaclinic.com\/es\/wp-json\/wp\/v2\/pages"}],"about":[{"href":"https:\/\/alegriaclinic.com\/es\/wp-json\/wp\/v2\/types\/page"}],"author":[{"embeddable":true,"href":"https:\/\/alegriaclinic.com\/es\/wp-json\/wp\/v2\/users\/2"}],"replies":[{"embeddable":true,"href":"https:\/\/alegriaclinic.com\/es\/wp-json\/wp\/v2\/comments?post=2311"}],"version-history":[{"count":7,"href":"https:\/\/alegriaclinic.com\/es\/wp-json\/wp\/v2\/pages\/2311\/revisions"}],"predecessor-version":[{"id":2889,"href":"https:\/\/alegriaclinic.com\/es\/wp-json\/wp\/v2\/pages\/2311\/revisions\/2889"}],"wp:attachment":[{"href":"https:\/\/alegriaclinic.com\/es\/wp-json\/wp\/v2\/media?parent=2311"}],"curies":[{"name":"wp","href":"https:\/\/api.w.org\/{rel}","templated":true}]}}